{"id":13199,"date":"2024-07-03T13:57:23","date_gmt":"2024-07-03T11:57:23","guid":{"rendered":"https:\/\/www.voganto.it\/cat\/?post_type=product&#038;p=13199"},"modified":"2024-07-03T14:20:22","modified_gmt":"2024-07-03T12:20:22","slug":"grossista-di-tazza-mug-in-ceramica-con-infusore","status":"publish","type":"product","link":"https:\/\/www.voganto.it\/cat\/prodotto\/grossista-di-tazza-mug-in-ceramica-con-infusore\/","title":{"rendered":"Tazza Mug in ceramica con Infusore e Coperchio Gatti VAN GOGH ML 380"},"content":{"rendered":"[et_pb_section fb_built=&#8221;1&#8243; _builder_version=&#8221;4.16&#8243; custom_padding=&#8221;0px||||false|false&#8221; global_colors_info=&#8221;{}&#8221;][et_pb_row _builder_version=&#8221;4.16&#8243; background_size=&#8221;initial&#8221; background_position=&#8221;top_left&#8221; background_repeat=&#8221;repeat&#8221; width=&#8221;100%&#8221; custom_padding=&#8221;0px||0px||false|false&#8221; global_colors_info=&#8221;{}&#8221;][et_pb_column type=&#8221;4_4&#8243; _builder_version=&#8221;4.16&#8243; custom_padding=&#8221;|||&#8221; global_colors_info=&#8221;{}&#8221; custom_padding__hover=&#8221;|||&#8221;][et_pb_wc_breadcrumb _builder_version=&#8221;4.16&#8243; global_colors_info=&#8221;{}&#8221;][\/et_pb_wc_breadcrumb][et_pb_wc_cart_notice _builder_version=&#8221;4.16&#8243; global_colors_info=&#8221;{}&#8221;][\/et_pb_wc_cart_notice][\/et_pb_column][\/et_pb_row][et_pb_row column_structure=&#8221;1_2,1_2&#8243; _builder_version=&#8221;4.16&#8243; background_size=&#8221;initial&#8221; background_position=&#8221;top_left&#8221; background_repeat=&#8221;repeat&#8221; width=&#8221;100%&#8221; custom_padding=&#8221;0px||||false|false&#8221; global_colors_info=&#8221;{}&#8221;][et_pb_column type=&#8221;1_2&#8243; _builder_version=&#8221;4.16&#8243; custom_padding=&#8221;|||&#8221; global_colors_info=&#8221;{}&#8221; custom_padding__hover=&#8221;|||&#8221;][et_pb_wc_images _builder_version=&#8221;4.16&#8243; global_colors_info=&#8221;{}&#8221;][\/et_pb_wc_images][\/et_pb_column][et_pb_column type=&#8221;1_2&#8243; _builder_version=&#8221;4.16&#8243; custom_padding=&#8221;|||&#8221; global_colors_info=&#8221;{}&#8221; custom_padding__hover=&#8221;|||&#8221;][et_pb_wc_title _builder_version=&#8221;4.16&#8243; global_colors_info=&#8221;{}&#8221;][\/et_pb_wc_title][et_pb_wc_rating _builder_version=&#8221;4.16&#8243; global_colors_info=&#8221;{}&#8221;][\/et_pb_wc_rating][et_pb_wc_price _builder_version=&#8221;4.16&#8243; global_colors_info=&#8221;{}&#8221;][\/et_pb_wc_price][et_pb_wc_description _builder_version=&#8221;4.16&#8243; global_colors_info=&#8221;{}&#8221;][\/et_pb_wc_description][et_pb_wc_add_to_cart _builder_version=&#8221;4.16&#8243; global_colors_info=&#8221;{}&#8221;][\/et_pb_wc_add_to_cart][et_pb_wc_meta _builder_version=&#8221;4.16&#8243; global_colors_info=&#8221;{}&#8221;][\/et_pb_wc_meta][\/et_pb_column][\/et_pb_row][et_pb_row _builder_version=&#8221;4.16&#8243; background_size=&#8221;initial&#8221; background_position=&#8221;top_left&#8221; background_repeat=&#8221;repeat&#8221; width=&#8221;100%&#8221; global_colors_info=&#8221;{}&#8221;][et_pb_column type=&#8221;4_4&#8243; _builder_version=&#8221;4.16&#8243; custom_padding=&#8221;|||&#8221; global_colors_info=&#8221;{}&#8221; custom_padding__hover=&#8221;|||&#8221;][et_pb_wc_tabs _builder_version=&#8221;4.16&#8243; global_colors_info=&#8221;{}&#8221;]\t\t\t\t\t[\/et_pb_wc_tabs][et_pb_wc_upsells _builder_version=&#8221;4.16&#8243; global_colors_info=&#8221;{}&#8221;][\/et_pb_wc_upsells][et_pb_wc_related_products _builder_version=&#8221;4.16&#8243; custom_margin=&#8221;||-177px|||&#8221; global_colors_info=&#8221;{}&#8221;][\/et_pb_wc_related_products][\/et_pb_column][\/et_pb_row][\/et_pb_section]\n","protected":false},"excerpt":{"rendered":"<p>La Tazza Mug in ceramica &#8220;Gatti Van Gogh&#8221; da 380 ml \u00e8 ideale per gli amanti del t\u00e8. Dotata di infusore in acciaio e coperchio, perfetta per rivenditori ed erboristerie. Disponibile presso VOGANTO<\/p>\n","protected":false},"featured_media":13189,"template":"","meta":{"_et_pb_use_builder":"on","_et_pb_old_content":"<div class=\"flex flex-grow flex-col max-w-full\">\r\n<div class=\"min-h-[20px] text-message flex flex-col items-start whitespace-pre-wrap break-words [.text-message+&amp;]:mt-5 juice:w-full juice:items-end overflow-x-auto gap-2\" dir=\"auto\" data-message-author-role=\"assistant\" data-message-id=\"c63c99a0-9379-4bd4-af7f-720b7aef3de3\">\r\n<div class=\"flex w-full flex-col gap-1 juice:empty:hidden juice:first:pt-[3px]\">\r\n<div class=\"markdown prose w-full break-words dark:prose-invert light\">\r\n\r\nPresentiamo la Tazza Mug in ceramica con Infusore e Coperchio \"Gatti Van Gogh\" da 380 ml, un'aggiunta elegante e pratica per ogni rivenditore ed erboristeria. Realizzata in ceramica di alta qualit\u00e0, questa tazza offre durabilit\u00e0 e un design unico ispirato ai celebri gatti di Van Gogh, combinando arte e funzionalit\u00e0.\r\n\r\nL'infusore in acciaio inox permette di preparare facilmente il t\u00e8 sfuso, mentre il coperchio abbinato aiuta a mantenere il calore e l'aroma della bevanda. Con una capacit\u00e0 di 380 ml, \u00e8 perfetta per una pausa t\u00e8 rilassante.\r\n\r\nQuesta tazza viene fornita in una confezione regalo con lo stesso design artistico, rendendola un'opzione ideale per regali o per aggiungere un tocco speciale alla tua offerta di prodotti. Disponibile presso il grossista, \u00e8 l'opportunit\u00e0 perfetta per arricchire il tuo assortimento e soddisfare le esigenze dei tuoi clienti.\r\n\r\nCaratteristiche:\r\n<ul>\r\n \t<li><strong>Capacit\u00e0:<\/strong> 380 ml<\/li>\r\n \t<li><strong>Materiale Tazza:<\/strong> Ceramica di alta qualit\u00e0<\/li>\r\n \t<li><strong>Infusore:<\/strong> Acciaio inox<\/li>\r\n \t<li><strong>Coperchio:<\/strong> Ceramica abbinata<\/li>\r\n \t<li><strong>Design:<\/strong> Motivo gatti Van Gogh<\/li>\r\n \t<li><strong>Confezione:<\/strong> Scatola regalo con lo stesso design della tazza<\/li>\r\n \t<li><strong>Uso:<\/strong> Perfetta per preparare t\u00e8 sfuso<\/li>\r\n<\/ul>\r\nQuesto set completo e ben progettato \u00e8 pensato per chi desidera unire praticit\u00e0 ed estetica nella routine quotidiana del t\u00e8. Ideale per rivenditori ed erboristerie che vogliono offrire ai loro clienti un prodotto distintivo e di qualit\u00e0.\r\n\r\n<\/div>\r\n<\/div>\r\n<\/div>\r\n<\/div>\r\n<div class=\"mt-1 flex gap-3 empty:hidden juice:-ml-3\">\r\n<div class=\"items-center justify-start rounded-xl p-1 z-10 -mt-1 bg-token-main-surface-primary md:absolute md:border md:border-token-border-light md:hidden\">\r\n<div class=\"flex items-center\"><\/div>\r\n<\/div>\r\n<\/div>\r\n&nbsp;\r\n\r\nQuesto set completo e ben progettato \u00e8 pensato per chi desidera unire praticit\u00e0 ed estetica nella routine quotidiana del t\u00e8. Ideale per rivenditori ed erboristerie che vogliono offrire ai loro clienti un prodotto distintivo e di qualit\u00e0.","_et_gb_content_width":""},"product_cat":[398],"product_tag":[399,252],"yoast_head":"<!-- This site is optimized with the Yoast SEO Premium plugin v22.8 (Yoast SEO v22.8) - https:\/\/yoast.com\/wordpress\/plugins\/seo\/ -->\n<title>Grossista di Tazza Mug in Ceramica con Infusore<\/title>\n<meta name=\"description\" content=\"Scopri la Tazza Mug in ceramica &quot;Gatti Van Gogh&quot; da 380 ml con infusore e coperchio. Perfetta per rivenditori ed erboristerie. Grossista\" \/>\n<meta name=\"robots\" content=\"index, follow, max-snippet:-1, max-image-preview:large, max-video-preview:-1\" \/>\n<link rel=\"canonical\" href=\"https:\/\/www.voganto.it\/cat\/prodotto\/grossista-di-tazza-mug-in-ceramica-con-infusore\/\" \/>\n<meta property=\"og:locale\" content=\"it_IT\" \/>\n<meta property=\"og:type\" content=\"article\" \/>\n<meta property=\"og:title\" content=\"Tazza Mug in ceramica con Infusore e Coperchio Gatti VAN GOGH ML 380\" \/>\n<meta property=\"og:description\" content=\"Scopri la Tazza Mug in ceramica &quot;Gatti Van Gogh&quot; da 380 ml con infusore e coperchio. Perfetta per rivenditori ed erboristerie. Grossista\" \/>\n<meta property=\"og:url\" content=\"https:\/\/www.voganto.it\/cat\/prodotto\/grossista-di-tazza-mug-in-ceramica-con-infusore\/\" \/>\n<meta property=\"og:site_name\" content=\"Voganto\" \/>\n<meta property=\"article:publisher\" content=\"https:\/\/www.facebook.com\/voganto\/?locale=it_IT\" \/>\n<meta property=\"article:modified_time\" content=\"2024-07-03T12:20:22+00:00\" \/>\n<meta property=\"og:image\" content=\"https:\/\/www.voganto.it\/cat\/wp-content\/uploads\/2024\/07\/tazze-mug-con-coperchio.jpg\" \/>\n\t<meta property=\"og:image:width\" content=\"2000\" \/>\n\t<meta property=\"og:image:height\" content=\"2000\" \/>\n\t<meta property=\"og:image:type\" content=\"image\/jpeg\" \/>\n<meta name=\"twitter:card\" content=\"summary_large_image\" \/>\n<meta name=\"twitter:label1\" content=\"Tempo di lettura stimato\" \/>\n\t<meta name=\"twitter:data1\" content=\"5 minuti\" \/>\n<script type=\"application\/ld+json\" class=\"yoast-schema-graph\">{\"@context\":\"https:\/\/schema.org\",\"@graph\":[{\"@type\":\"WebPage\",\"@id\":\"https:\/\/www.voganto.it\/cat\/prodotto\/grossista-di-tazza-mug-in-ceramica-con-infusore\/\",\"url\":\"https:\/\/www.voganto.it\/cat\/prodotto\/grossista-di-tazza-mug-in-ceramica-con-infusore\/\",\"name\":\"Grossista di Tazza Mug in Ceramica con Infusore\",\"isPartOf\":{\"@id\":\"https:\/\/www.voganto.it\/cat\/#website\"},\"primaryImageOfPage\":{\"@id\":\"https:\/\/www.voganto.it\/cat\/prodotto\/grossista-di-tazza-mug-in-ceramica-con-infusore\/#primaryimage\"},\"image\":{\"@id\":\"https:\/\/www.voganto.it\/cat\/prodotto\/grossista-di-tazza-mug-in-ceramica-con-infusore\/#primaryimage\"},\"thumbnailUrl\":\"https:\/\/www.voganto.it\/cat\/wp-content\/uploads\/2024\/07\/tazze-mug-con-coperchio.jpg\",\"datePublished\":\"2024-07-03T11:57:23+00:00\",\"dateModified\":\"2024-07-03T12:20:22+00:00\",\"description\":\"Scopri la Tazza Mug in ceramica \\\"Gatti Van Gogh\\\" da 380 ml con infusore e coperchio. Perfetta per rivenditori ed erboristerie. Grossista\",\"breadcrumb\":{\"@id\":\"https:\/\/www.voganto.it\/cat\/prodotto\/grossista-di-tazza-mug-in-ceramica-con-infusore\/#breadcrumb\"},\"inLanguage\":\"it-IT\",\"potentialAction\":[{\"@type\":\"ReadAction\",\"target\":[\"https:\/\/www.voganto.it\/cat\/prodotto\/grossista-di-tazza-mug-in-ceramica-con-infusore\/\"]}]},{\"@type\":\"ImageObject\",\"inLanguage\":\"it-IT\",\"@id\":\"https:\/\/www.voganto.it\/cat\/prodotto\/grossista-di-tazza-mug-in-ceramica-con-infusore\/#primaryimage\",\"url\":\"https:\/\/www.voganto.it\/cat\/wp-content\/uploads\/2024\/07\/tazze-mug-con-coperchio.jpg\",\"contentUrl\":\"https:\/\/www.voganto.it\/cat\/wp-content\/uploads\/2024\/07\/tazze-mug-con-coperchio.jpg\",\"width\":2000,\"height\":2000,\"caption\":\"tazze mug con coperchio\"},{\"@type\":\"BreadcrumbList\",\"@id\":\"https:\/\/www.voganto.it\/cat\/prodotto\/grossista-di-tazza-mug-in-ceramica-con-infusore\/#breadcrumb\",\"itemListElement\":[{\"@type\":\"ListItem\",\"position\":1,\"name\":\"Home\",\"item\":\"https:\/\/www.voganto.it\/cat\/\"},{\"@type\":\"ListItem\",\"position\":2,\"name\":\"Prodotti\",\"item\":\"https:\/\/www.voganto.it\/cat\/\"},{\"@type\":\"ListItem\",\"position\":3,\"name\":\"Tazza Mug in ceramica con Infusore e Coperchio Gatti VAN GOGH ML 380\"}]},{\"@type\":\"WebSite\",\"@id\":\"https:\/\/www.voganto.it\/cat\/#website\",\"url\":\"https:\/\/www.voganto.it\/cat\/\",\"name\":\"Voganto\",\"description\":\"MON STYLE NOW\",\"publisher\":{\"@id\":\"https:\/\/www.voganto.it\/cat\/#organization\"},\"potentialAction\":[{\"@type\":\"SearchAction\",\"target\":{\"@type\":\"EntryPoint\",\"urlTemplate\":\"https:\/\/www.voganto.it\/cat\/?s={search_term_string}\"},\"query-input\":\"required name=search_term_string\"}],\"inLanguage\":\"it-IT\"},{\"@type\":\"Organization\",\"@id\":\"https:\/\/www.voganto.it\/cat\/#organization\",\"name\":\"Voganto\",\"url\":\"https:\/\/www.voganto.it\/cat\/\",\"logo\":{\"@type\":\"ImageObject\",\"inLanguage\":\"it-IT\",\"@id\":\"https:\/\/www.voganto.it\/cat\/#\/schema\/logo\/image\/\",\"url\":\"https:\/\/www.voganto.it\/cat\/wp-content\/uploads\/2018\/11\/logo-voganto.png\",\"contentUrl\":\"https:\/\/www.voganto.it\/cat\/wp-content\/uploads\/2018\/11\/logo-voganto.png\",\"width\":370,\"height\":95,\"caption\":\"Voganto\"},\"image\":{\"@id\":\"https:\/\/www.voganto.it\/cat\/#\/schema\/logo\/image\/\"},\"sameAs\":[\"https:\/\/www.facebook.com\/voganto\/?locale=it_IT\"]}]}<\/script>\n<!-- \/ Yoast SEO Premium plugin. -->","yoast_head_json":{"title":"Grossista di Tazza Mug in Ceramica con Infusore","description":"Scopri la Tazza Mug in ceramica \"Gatti Van Gogh\" da 380 ml con infusore e coperchio. Perfetta per rivenditori ed erboristerie. Grossista","robots":{"index":"index","follow":"follow","max-snippet":"max-snippet:-1","max-image-preview":"max-image-preview:large","max-video-preview":"max-video-preview:-1"},"canonical":"https:\/\/www.voganto.it\/cat\/prodotto\/grossista-di-tazza-mug-in-ceramica-con-infusore\/","og_locale":"it_IT","og_type":"article","og_title":"Tazza Mug in ceramica con Infusore e Coperchio Gatti VAN GOGH ML 380","og_description":"Scopri la Tazza Mug in ceramica \"Gatti Van Gogh\" da 380 ml con infusore e coperchio. Perfetta per rivenditori ed erboristerie. Grossista","og_url":"https:\/\/www.voganto.it\/cat\/prodotto\/grossista-di-tazza-mug-in-ceramica-con-infusore\/","og_site_name":"Voganto","article_publisher":"https:\/\/www.facebook.com\/voganto\/?locale=it_IT","article_modified_time":"2024-07-03T12:20:22+00:00","og_image":[{"width":2000,"height":2000,"url":"https:\/\/www.voganto.it\/cat\/wp-content\/uploads\/2024\/07\/tazze-mug-con-coperchio.jpg","type":"image\/jpeg"}],"twitter_card":"summary_large_image","twitter_misc":{"Tempo di lettura stimato":"5 minuti"},"schema":{"@context":"https:\/\/schema.org","@graph":[{"@type":"WebPage","@id":"https:\/\/www.voganto.it\/cat\/prodotto\/grossista-di-tazza-mug-in-ceramica-con-infusore\/","url":"https:\/\/www.voganto.it\/cat\/prodotto\/grossista-di-tazza-mug-in-ceramica-con-infusore\/","name":"Grossista di Tazza Mug in Ceramica con Infusore","isPartOf":{"@id":"https:\/\/www.voganto.it\/cat\/#website"},"primaryImageOfPage":{"@id":"https:\/\/www.voganto.it\/cat\/prodotto\/grossista-di-tazza-mug-in-ceramica-con-infusore\/#primaryimage"},"image":{"@id":"https:\/\/www.voganto.it\/cat\/prodotto\/grossista-di-tazza-mug-in-ceramica-con-infusore\/#primaryimage"},"thumbnailUrl":"https:\/\/www.voganto.it\/cat\/wp-content\/uploads\/2024\/07\/tazze-mug-con-coperchio.jpg","datePublished":"2024-07-03T11:57:23+00:00","dateModified":"2024-07-03T12:20:22+00:00","description":"Scopri la Tazza Mug in ceramica \"Gatti Van Gogh\" da 380 ml con infusore e coperchio. Perfetta per rivenditori ed erboristerie. Grossista","breadcrumb":{"@id":"https:\/\/www.voganto.it\/cat\/prodotto\/grossista-di-tazza-mug-in-ceramica-con-infusore\/#breadcrumb"},"inLanguage":"it-IT","potentialAction":[{"@type":"ReadAction","target":["https:\/\/www.voganto.it\/cat\/prodotto\/grossista-di-tazza-mug-in-ceramica-con-infusore\/"]}]},{"@type":"ImageObject","inLanguage":"it-IT","@id":"https:\/\/www.voganto.it\/cat\/prodotto\/grossista-di-tazza-mug-in-ceramica-con-infusore\/#primaryimage","url":"https:\/\/www.voganto.it\/cat\/wp-content\/uploads\/2024\/07\/tazze-mug-con-coperchio.jpg","contentUrl":"https:\/\/www.voganto.it\/cat\/wp-content\/uploads\/2024\/07\/tazze-mug-con-coperchio.jpg","width":2000,"height":2000,"caption":"tazze mug con coperchio"},{"@type":"BreadcrumbList","@id":"https:\/\/www.voganto.it\/cat\/prodotto\/grossista-di-tazza-mug-in-ceramica-con-infusore\/#breadcrumb","itemListElement":[{"@type":"ListItem","position":1,"name":"Home","item":"https:\/\/www.voganto.it\/cat\/"},{"@type":"ListItem","position":2,"name":"Prodotti","item":"https:\/\/www.voganto.it\/cat\/"},{"@type":"ListItem","position":3,"name":"Tazza Mug in ceramica con Infusore e Coperchio Gatti VAN GOGH ML 380"}]},{"@type":"WebSite","@id":"https:\/\/www.voganto.it\/cat\/#website","url":"https:\/\/www.voganto.it\/cat\/","name":"Voganto","description":"MON STYLE NOW","publisher":{"@id":"https:\/\/www.voganto.it\/cat\/#organization"},"potentialAction":[{"@type":"SearchAction","target":{"@type":"EntryPoint","urlTemplate":"https:\/\/www.voganto.it\/cat\/?s={search_term_string}"},"query-input":"required name=search_term_string"}],"inLanguage":"it-IT"},{"@type":"Organization","@id":"https:\/\/www.voganto.it\/cat\/#organization","name":"Voganto","url":"https:\/\/www.voganto.it\/cat\/","logo":{"@type":"ImageObject","inLanguage":"it-IT","@id":"https:\/\/www.voganto.it\/cat\/#\/schema\/logo\/image\/","url":"https:\/\/www.voganto.it\/cat\/wp-content\/uploads\/2018\/11\/logo-voganto.png","contentUrl":"https:\/\/www.voganto.it\/cat\/wp-content\/uploads\/2018\/11\/logo-voganto.png","width":370,"height":95,"caption":"Voganto"},"image":{"@id":"https:\/\/www.voganto.it\/cat\/#\/schema\/logo\/image\/"},"sameAs":["https:\/\/www.facebook.com\/voganto\/?locale=it_IT"]}]}},"_links":{"self":[{"href":"https:\/\/www.voganto.it\/cat\/wp-json\/wp\/v2\/product\/13199"}],"collection":[{"href":"https:\/\/www.voganto.it\/cat\/wp-json\/wp\/v2\/product"}],"about":[{"href":"https:\/\/www.voganto.it\/cat\/wp-json\/wp\/v2\/types\/product"}],"wp:featuredmedia":[{"embeddable":true,"href":"https:\/\/www.voganto.it\/cat\/wp-json\/wp\/v2\/media\/13189"}],"wp:attachment":[{"href":"https:\/\/www.voganto.it\/cat\/wp-json\/wp\/v2\/media?parent=13199"}],"wp:term":[{"taxonomy":"product_cat","embeddable":true,"href":"https:\/\/www.voganto.it\/cat\/wp-json\/wp\/v2\/product_cat?post=13199"},{"taxonomy":"product_tag","embeddable":true,"href":"https:\/\/www.voganto.it\/cat\/wp-json\/wp\/v2\/product_tag?post=13199"}],"curies":[{"name":"wp","href":"https:\/\/api.w.org\/{rel}","templated":true}]}}