{"id":13351,"date":"2024-08-05T11:47:21","date_gmt":"2024-08-05T09:47:21","guid":{"rendered":"https:\/\/www.voganto.it\/cat\/?post_type=product&#038;p=13351"},"modified":"2024-08-05T13:47:59","modified_gmt":"2024-08-05T11:47:59","slug":"diffusore-con-candela-natalizio-ingrosso","status":"publish","type":"product","link":"https:\/\/www.voganto.it\/cat\/prodotto\/diffusore-con-candela-natalizio-ingrosso\/","title":{"rendered":"Diffusore a candela natalizio per oli essenziali e cere profumate cm H12X11X11 in ceramica"},"content":{"rendered":"[et_pb_section fb_built=&#8221;1&#8243; _builder_version=&#8221;4.16&#8243; custom_padding=&#8221;0px||54px||false|false&#8221; global_colors_info=&#8221;{}&#8221;][et_pb_row _builder_version=&#8221;4.16&#8243; background_size=&#8221;initial&#8221; background_position=&#8221;top_left&#8221; background_repeat=&#8221;repeat&#8221; width=&#8221;100%&#8221; custom_padding=&#8221;0px||0px||false|false&#8221; global_colors_info=&#8221;{}&#8221;][et_pb_column type=&#8221;4_4&#8243; _builder_version=&#8221;4.16&#8243; custom_padding=&#8221;|||&#8221; global_colors_info=&#8221;{}&#8221; custom_padding__hover=&#8221;|||&#8221;][et_pb_wc_breadcrumb _builder_version=&#8221;4.16&#8243; global_colors_info=&#8221;{}&#8221;][\/et_pb_wc_breadcrumb][et_pb_wc_cart_notice _builder_version=&#8221;4.16&#8243; global_colors_info=&#8221;{}&#8221;][\/et_pb_wc_cart_notice][\/et_pb_column][\/et_pb_row][et_pb_row column_structure=&#8221;1_2,1_2&#8243; _builder_version=&#8221;4.16&#8243; background_size=&#8221;initial&#8221; background_position=&#8221;top_left&#8221; background_repeat=&#8221;repeat&#8221; width=&#8221;100%&#8221; custom_padding=&#8221;0px||||false|false&#8221; global_colors_info=&#8221;{}&#8221;][et_pb_column type=&#8221;1_2&#8243; _builder_version=&#8221;4.16&#8243; custom_padding=&#8221;|||&#8221; global_colors_info=&#8221;{}&#8221; custom_padding__hover=&#8221;|||&#8221;][et_pb_wc_images _builder_version=&#8221;4.24.3&#8243; global_colors_info=&#8221;{}&#8221;][\/et_pb_wc_images][\/et_pb_column][et_pb_column type=&#8221;1_2&#8243; _builder_version=&#8221;4.16&#8243; custom_padding=&#8221;|||&#8221; global_colors_info=&#8221;{}&#8221; custom_padding__hover=&#8221;|||&#8221;][et_pb_wc_title _builder_version=&#8221;4.16&#8243; global_colors_info=&#8221;{}&#8221;][\/et_pb_wc_title][et_pb_wc_rating _builder_version=&#8221;4.16&#8243; global_colors_info=&#8221;{}&#8221;][\/et_pb_wc_rating][et_pb_wc_price _builder_version=&#8221;4.16&#8243; global_colors_info=&#8221;{}&#8221;][\/et_pb_wc_price][et_pb_wc_description _builder_version=&#8221;4.16&#8243; global_colors_info=&#8221;{}&#8221;][\/et_pb_wc_description][et_pb_wc_add_to_cart _builder_version=&#8221;4.16&#8243; global_colors_info=&#8221;{}&#8221;][\/et_pb_wc_add_to_cart][et_pb_wc_meta _builder_version=&#8221;4.16&#8243; global_colors_info=&#8221;{}&#8221;][\/et_pb_wc_meta][\/et_pb_column][\/et_pb_row][et_pb_row _builder_version=&#8221;4.16&#8243; background_size=&#8221;initial&#8221; background_position=&#8221;top_left&#8221; background_repeat=&#8221;repeat&#8221; width=&#8221;100%&#8221; global_colors_info=&#8221;{}&#8221;][et_pb_column type=&#8221;4_4&#8243; _builder_version=&#8221;4.16&#8243; custom_padding=&#8221;|||&#8221; global_colors_info=&#8221;{}&#8221; custom_padding__hover=&#8221;|||&#8221;][et_pb_wc_tabs _builder_version=&#8221;4.16&#8243; global_colors_info=&#8221;{}&#8221;]\t\t\t\t\t[\/et_pb_wc_tabs][et_pb_wc_upsells _builder_version=&#8221;4.16&#8243; global_colors_info=&#8221;{}&#8221;][\/et_pb_wc_upsells][et_pb_wc_related_products _builder_version=&#8221;4.16&#8243; global_colors_info=&#8221;{}&#8221;][\/et_pb_wc_related_products][\/et_pb_column][\/et_pb_row][\/et_pb_section]\n","protected":false},"excerpt":{"rendered":"<p>Diffusore a candela natalizio per oli essenziali e cere profumate cm H12X11X11 in ceramica (candela esclusa)<br \/>\nOttimi per ; oli essenziali, profumi solidi, cere profumate<\/p>\n<p>I nostri diffusori a candela natalizi sono perfetti per creare un&#8217;atmosfera calda e accogliente nel tuo negozio durante le festivit\u00e0.\u00a0 Con un design rosso e decorazioni che richiamano gli alberi di Natale, questi diffusori sono ideali per attirare i clienti alla ricerca di regali unici e decorazioni festose. Approfitta della nostra offerta all&#8217;ingrosso per rendere il tuo punto vendita ancora pi\u00f9 invitante durante la stagione natalizia.<\/p>\n<p>Bellissima atmosfera natalizia<\/p>\n","protected":false},"featured_media":13352,"template":"","meta":{"_et_pb_use_builder":"on","_et_pb_old_content":"I diffusori a candela natalizi sono un must-have per ogni negozio durante la stagione delle feste. Questo elegante diffusore, con il suo colore rosso e le delicate decorazioni di alberi di Natale, aggiunge un tocco festivo e raffinato a qualsiasi ambiente. Perfetti per creare un'atmosfera accogliente e calda, questi diffusori permettono ai tuoi clienti di godere dei benefici degli oli essenziali mentre celebrano le festivit\u00e0. Inoltre, sono ottimi per bruciare cere profumate o profumi solidi, offrendo cos\u00ec una versatilit\u00e0 che li rende ancora pi\u00f9 attraenti per i tuoi clienti. Non perdere l'occasione di arricchire la tua offerta di prodotti natalizi. Acquista i diffusori con candela all'ingrosso da Voganto e soddisfa le esigenze dei tuoi clienti, incrementando le tue vendite durante il periodo pi\u00f9 magico dell'anno.","_et_gb_content_width":""},"product_cat":[169],"product_tag":[378,137,404],"yoast_head":"<!-- This site is optimized with the Yoast SEO Premium plugin v22.8 (Yoast SEO v22.8) - https:\/\/yoast.com\/wordpress\/plugins\/seo\/ -->\n<title>Diffusore a Candela Natalizio - Vendita all&#039;Ingrosso<\/title>\n<meta name=\"description\" content=\"Scopri il Diffusore a candela natalizio per oli essenziali e cere profumate. Perfetto da regalare per natale,bellissima atmosfera. Vendita all&#039;ingrosso\" \/>\n<meta name=\"robots\" content=\"index, follow, max-snippet:-1, max-image-preview:large, max-video-preview:-1\" \/>\n<link rel=\"canonical\" href=\"https:\/\/www.voganto.it\/cat\/prodotto\/diffusore-con-candela-natalizio-ingrosso\/\" \/>\n<meta property=\"og:locale\" content=\"it_IT\" \/>\n<meta property=\"og:type\" content=\"article\" \/>\n<meta property=\"og:title\" content=\"Diffusore a candela natalizio per oli essenziali e cere profumate cm H12X11X11 in ceramica\" \/>\n<meta property=\"og:description\" content=\"Scopri il Diffusore a candela natalizio per oli essenziali e cere profumate. Perfetto da regalare per natale,bellissima atmosfera. Vendita all&#039;ingrosso\" \/>\n<meta property=\"og:url\" content=\"https:\/\/www.voganto.it\/cat\/prodotto\/diffusore-con-candela-natalizio-ingrosso\/\" \/>\n<meta property=\"og:site_name\" content=\"Voganto\" \/>\n<meta property=\"article:publisher\" content=\"https:\/\/www.facebook.com\/voganto\/?locale=it_IT\" \/>\n<meta property=\"article:modified_time\" content=\"2024-08-05T11:47:59+00:00\" \/>\n<meta property=\"og:image\" content=\"https:\/\/www.voganto.it\/cat\/wp-content\/uploads\/2024\/08\/Diffusore-con-candela-natalizio-per-oli-essenziali-e-cere-profumate-cm-H12X11X11-in-ceramica.jpg\" \/>\n\t<meta property=\"og:image:width\" content=\"2048\" \/>\n\t<meta property=\"og:image:height\" content=\"1433\" \/>\n\t<meta property=\"og:image:type\" content=\"image\/jpeg\" \/>\n<meta name=\"twitter:card\" content=\"summary_large_image\" \/>\n<meta name=\"twitter:label1\" content=\"Tempo di lettura stimato\" \/>\n\t<meta name=\"twitter:data1\" content=\"4 minuti\" \/>\n<script type=\"application\/ld+json\" class=\"yoast-schema-graph\">{\"@context\":\"https:\/\/schema.org\",\"@graph\":[{\"@type\":\"WebPage\",\"@id\":\"https:\/\/www.voganto.it\/cat\/prodotto\/diffusore-con-candela-natalizio-ingrosso\/\",\"url\":\"https:\/\/www.voganto.it\/cat\/prodotto\/diffusore-con-candela-natalizio-ingrosso\/\",\"name\":\"Diffusore a Candela Natalizio - Vendita all'Ingrosso\",\"isPartOf\":{\"@id\":\"https:\/\/www.voganto.it\/cat\/#website\"},\"primaryImageOfPage\":{\"@id\":\"https:\/\/www.voganto.it\/cat\/prodotto\/diffusore-con-candela-natalizio-ingrosso\/#primaryimage\"},\"image\":{\"@id\":\"https:\/\/www.voganto.it\/cat\/prodotto\/diffusore-con-candela-natalizio-ingrosso\/#primaryimage\"},\"thumbnailUrl\":\"https:\/\/www.voganto.it\/cat\/wp-content\/uploads\/2024\/08\/Diffusore-con-candela-natalizio-per-oli-essenziali-e-cere-profumate-cm-H12X11X11-in-ceramica.jpg\",\"datePublished\":\"2024-08-05T09:47:21+00:00\",\"dateModified\":\"2024-08-05T11:47:59+00:00\",\"description\":\"Scopri il Diffusore a candela natalizio per oli essenziali e cere profumate. Perfetto da regalare per natale,bellissima atmosfera. Vendita all'ingrosso\",\"breadcrumb\":{\"@id\":\"https:\/\/www.voganto.it\/cat\/prodotto\/diffusore-con-candela-natalizio-ingrosso\/#breadcrumb\"},\"inLanguage\":\"it-IT\",\"potentialAction\":[{\"@type\":\"ReadAction\",\"target\":[\"https:\/\/www.voganto.it\/cat\/prodotto\/diffusore-con-candela-natalizio-ingrosso\/\"]}]},{\"@type\":\"ImageObject\",\"inLanguage\":\"it-IT\",\"@id\":\"https:\/\/www.voganto.it\/cat\/prodotto\/diffusore-con-candela-natalizio-ingrosso\/#primaryimage\",\"url\":\"https:\/\/www.voganto.it\/cat\/wp-content\/uploads\/2024\/08\/Diffusore-con-candela-natalizio-per-oli-essenziali-e-cere-profumate-cm-H12X11X11-in-ceramica.jpg\",\"contentUrl\":\"https:\/\/www.voganto.it\/cat\/wp-content\/uploads\/2024\/08\/Diffusore-con-candela-natalizio-per-oli-essenziali-e-cere-profumate-cm-H12X11X11-in-ceramica.jpg\",\"width\":2048,\"height\":1433,\"caption\":\"Diffusore-con-candela-natalizio\"},{\"@type\":\"BreadcrumbList\",\"@id\":\"https:\/\/www.voganto.it\/cat\/prodotto\/diffusore-con-candela-natalizio-ingrosso\/#breadcrumb\",\"itemListElement\":[{\"@type\":\"ListItem\",\"position\":1,\"name\":\"Home\",\"item\":\"https:\/\/www.voganto.it\/cat\/\"},{\"@type\":\"ListItem\",\"position\":2,\"name\":\"Prodotti\",\"item\":\"https:\/\/www.voganto.it\/cat\/\"},{\"@type\":\"ListItem\",\"position\":3,\"name\":\"Diffusore a candela natalizio per oli essenziali e cere profumate cm H12X11X11 in ceramica\"}]},{\"@type\":\"WebSite\",\"@id\":\"https:\/\/www.voganto.it\/cat\/#website\",\"url\":\"https:\/\/www.voganto.it\/cat\/\",\"name\":\"Voganto\",\"description\":\"Nature Living Home\",\"publisher\":{\"@id\":\"https:\/\/www.voganto.it\/cat\/#organization\"},\"potentialAction\":[{\"@type\":\"SearchAction\",\"target\":{\"@type\":\"EntryPoint\",\"urlTemplate\":\"https:\/\/www.voganto.it\/cat\/?s={search_term_string}\"},\"query-input\":\"required name=search_term_string\"}],\"inLanguage\":\"it-IT\"},{\"@type\":\"Organization\",\"@id\":\"https:\/\/www.voganto.it\/cat\/#organization\",\"name\":\"Voganto\",\"url\":\"https:\/\/www.voganto.it\/cat\/\",\"logo\":{\"@type\":\"ImageObject\",\"inLanguage\":\"it-IT\",\"@id\":\"https:\/\/www.voganto.it\/cat\/#\/schema\/logo\/image\/\",\"url\":\"https:\/\/www.voganto.it\/cat\/wp-content\/uploads\/2018\/11\/logo-voganto.png\",\"contentUrl\":\"https:\/\/www.voganto.it\/cat\/wp-content\/uploads\/2018\/11\/logo-voganto.png\",\"width\":370,\"height\":95,\"caption\":\"Voganto\"},\"image\":{\"@id\":\"https:\/\/www.voganto.it\/cat\/#\/schema\/logo\/image\/\"},\"sameAs\":[\"https:\/\/www.facebook.com\/voganto\/?locale=it_IT\"]}]}<\/script>\n<!-- \/ Yoast SEO Premium plugin. -->","yoast_head_json":{"title":"Diffusore a Candela Natalizio - Vendita all'Ingrosso","description":"Scopri il Diffusore a candela natalizio per oli essenziali e cere profumate. Perfetto da regalare per natale,bellissima atmosfera. Vendita all'ingrosso","robots":{"index":"index","follow":"follow","max-snippet":"max-snippet:-1","max-image-preview":"max-image-preview:large","max-video-preview":"max-video-preview:-1"},"canonical":"https:\/\/www.voganto.it\/cat\/prodotto\/diffusore-con-candela-natalizio-ingrosso\/","og_locale":"it_IT","og_type":"article","og_title":"Diffusore a candela natalizio per oli essenziali e cere profumate cm H12X11X11 in ceramica","og_description":"Scopri il Diffusore a candela natalizio per oli essenziali e cere profumate. Perfetto da regalare per natale,bellissima atmosfera. Vendita all'ingrosso","og_url":"https:\/\/www.voganto.it\/cat\/prodotto\/diffusore-con-candela-natalizio-ingrosso\/","og_site_name":"Voganto","article_publisher":"https:\/\/www.facebook.com\/voganto\/?locale=it_IT","article_modified_time":"2024-08-05T11:47:59+00:00","og_image":[{"width":2048,"height":1433,"url":"https:\/\/www.voganto.it\/cat\/wp-content\/uploads\/2024\/08\/Diffusore-con-candela-natalizio-per-oli-essenziali-e-cere-profumate-cm-H12X11X11-in-ceramica.jpg","type":"image\/jpeg"}],"twitter_card":"summary_large_image","twitter_misc":{"Tempo di lettura stimato":"4 minuti"},"schema":{"@context":"https:\/\/schema.org","@graph":[{"@type":"WebPage","@id":"https:\/\/www.voganto.it\/cat\/prodotto\/diffusore-con-candela-natalizio-ingrosso\/","url":"https:\/\/www.voganto.it\/cat\/prodotto\/diffusore-con-candela-natalizio-ingrosso\/","name":"Diffusore a Candela Natalizio - Vendita all'Ingrosso","isPartOf":{"@id":"https:\/\/www.voganto.it\/cat\/#website"},"primaryImageOfPage":{"@id":"https:\/\/www.voganto.it\/cat\/prodotto\/diffusore-con-candela-natalizio-ingrosso\/#primaryimage"},"image":{"@id":"https:\/\/www.voganto.it\/cat\/prodotto\/diffusore-con-candela-natalizio-ingrosso\/#primaryimage"},"thumbnailUrl":"https:\/\/www.voganto.it\/cat\/wp-content\/uploads\/2024\/08\/Diffusore-con-candela-natalizio-per-oli-essenziali-e-cere-profumate-cm-H12X11X11-in-ceramica.jpg","datePublished":"2024-08-05T09:47:21+00:00","dateModified":"2024-08-05T11:47:59+00:00","description":"Scopri il Diffusore a candela natalizio per oli essenziali e cere profumate. Perfetto da regalare per natale,bellissima atmosfera. Vendita all'ingrosso","breadcrumb":{"@id":"https:\/\/www.voganto.it\/cat\/prodotto\/diffusore-con-candela-natalizio-ingrosso\/#breadcrumb"},"inLanguage":"it-IT","potentialAction":[{"@type":"ReadAction","target":["https:\/\/www.voganto.it\/cat\/prodotto\/diffusore-con-candela-natalizio-ingrosso\/"]}]},{"@type":"ImageObject","inLanguage":"it-IT","@id":"https:\/\/www.voganto.it\/cat\/prodotto\/diffusore-con-candela-natalizio-ingrosso\/#primaryimage","url":"https:\/\/www.voganto.it\/cat\/wp-content\/uploads\/2024\/08\/Diffusore-con-candela-natalizio-per-oli-essenziali-e-cere-profumate-cm-H12X11X11-in-ceramica.jpg","contentUrl":"https:\/\/www.voganto.it\/cat\/wp-content\/uploads\/2024\/08\/Diffusore-con-candela-natalizio-per-oli-essenziali-e-cere-profumate-cm-H12X11X11-in-ceramica.jpg","width":2048,"height":1433,"caption":"Diffusore-con-candela-natalizio"},{"@type":"BreadcrumbList","@id":"https:\/\/www.voganto.it\/cat\/prodotto\/diffusore-con-candela-natalizio-ingrosso\/#breadcrumb","itemListElement":[{"@type":"ListItem","position":1,"name":"Home","item":"https:\/\/www.voganto.it\/cat\/"},{"@type":"ListItem","position":2,"name":"Prodotti","item":"https:\/\/www.voganto.it\/cat\/"},{"@type":"ListItem","position":3,"name":"Diffusore a candela natalizio per oli essenziali e cere profumate cm H12X11X11 in ceramica"}]},{"@type":"WebSite","@id":"https:\/\/www.voganto.it\/cat\/#website","url":"https:\/\/www.voganto.it\/cat\/","name":"Voganto","description":"Nature Living Home","publisher":{"@id":"https:\/\/www.voganto.it\/cat\/#organization"},"potentialAction":[{"@type":"SearchAction","target":{"@type":"EntryPoint","urlTemplate":"https:\/\/www.voganto.it\/cat\/?s={search_term_string}"},"query-input":"required name=search_term_string"}],"inLanguage":"it-IT"},{"@type":"Organization","@id":"https:\/\/www.voganto.it\/cat\/#organization","name":"Voganto","url":"https:\/\/www.voganto.it\/cat\/","logo":{"@type":"ImageObject","inLanguage":"it-IT","@id":"https:\/\/www.voganto.it\/cat\/#\/schema\/logo\/image\/","url":"https:\/\/www.voganto.it\/cat\/wp-content\/uploads\/2018\/11\/logo-voganto.png","contentUrl":"https:\/\/www.voganto.it\/cat\/wp-content\/uploads\/2018\/11\/logo-voganto.png","width":370,"height":95,"caption":"Voganto"},"image":{"@id":"https:\/\/www.voganto.it\/cat\/#\/schema\/logo\/image\/"},"sameAs":["https:\/\/www.facebook.com\/voganto\/?locale=it_IT"]}]}},"_links":{"self":[{"href":"https:\/\/www.voganto.it\/cat\/wp-json\/wp\/v2\/product\/13351"}],"collection":[{"href":"https:\/\/www.voganto.it\/cat\/wp-json\/wp\/v2\/product"}],"about":[{"href":"https:\/\/www.voganto.it\/cat\/wp-json\/wp\/v2\/types\/product"}],"wp:featuredmedia":[{"embeddable":true,"href":"https:\/\/www.voganto.it\/cat\/wp-json\/wp\/v2\/media\/13352"}],"wp:attachment":[{"href":"https:\/\/www.voganto.it\/cat\/wp-json\/wp\/v2\/media?parent=13351"}],"wp:term":[{"taxonomy":"product_cat","embeddable":true,"href":"https:\/\/www.voganto.it\/cat\/wp-json\/wp\/v2\/product_cat?post=13351"},{"taxonomy":"product_tag","embeddable":true,"href":"https:\/\/www.voganto.it\/cat\/wp-json\/wp\/v2\/product_tag?post=13351"}],"curies":[{"name":"wp","href":"https:\/\/api.w.org\/{rel}","templated":true}]}}