{"id":13514,"date":"2024-10-28T11:06:38","date_gmt":"2024-10-28T10:06:38","guid":{"rendered":"https:\/\/www.voganto.it\/cat\/?post_type=product&#038;p=13514"},"modified":"2024-10-28T11:53:22","modified_gmt":"2024-10-28T10:53:22","slug":"essenza-acqua-oud-per-diffusori-vendita-allingrosso","status":"publish","type":"product","link":"https:\/\/www.voganto.it\/cat\/prodotto\/essenza-acqua-oud-per-diffusori-vendita-allingrosso\/","title":{"rendered":"Essenza Acqua Oud per diffusori Acqua oud 10 ml"},"content":{"rendered":"[et_pb_section fb_built=&#8221;1&#8243; _builder_version=&#8221;4.16&#8243; custom_padding=&#8221;0px||||false|false&#8221; global_colors_info=&#8221;{}&#8221;][et_pb_row _builder_version=&#8221;4.16&#8243; background_size=&#8221;initial&#8221; background_position=&#8221;top_left&#8221; background_repeat=&#8221;repeat&#8221; width=&#8221;100%&#8221; custom_padding=&#8221;0px||0px||false|false&#8221; global_colors_info=&#8221;{}&#8221;][et_pb_column type=&#8221;4_4&#8243; _builder_version=&#8221;4.16&#8243; custom_padding=&#8221;|||&#8221; global_colors_info=&#8221;{}&#8221; custom_padding__hover=&#8221;|||&#8221;][et_pb_wc_breadcrumb _builder_version=&#8221;4.16&#8243; global_colors_info=&#8221;{}&#8221;][\/et_pb_wc_breadcrumb][et_pb_wc_cart_notice _builder_version=&#8221;4.16&#8243; global_colors_info=&#8221;{}&#8221;][\/et_pb_wc_cart_notice][\/et_pb_column][\/et_pb_row][et_pb_row column_structure=&#8221;1_2,1_2&#8243; _builder_version=&#8221;4.16&#8243; background_size=&#8221;initial&#8221; background_position=&#8221;top_left&#8221; background_repeat=&#8221;repeat&#8221; width=&#8221;100%&#8221; custom_padding=&#8221;0px||||false|false&#8221; global_colors_info=&#8221;{}&#8221;][et_pb_column type=&#8221;1_2&#8243; _builder_version=&#8221;4.16&#8243; custom_padding=&#8221;|||&#8221; global_colors_info=&#8221;{}&#8221; custom_padding__hover=&#8221;|||&#8221;][et_pb_wc_images _builder_version=&#8221;4.16&#8243; global_colors_info=&#8221;{}&#8221;][\/et_pb_wc_images][\/et_pb_column][et_pb_column type=&#8221;1_2&#8243; _builder_version=&#8221;4.16&#8243; custom_padding=&#8221;|||&#8221; global_colors_info=&#8221;{}&#8221; custom_padding__hover=&#8221;|||&#8221;][et_pb_wc_title _builder_version=&#8221;4.16&#8243; global_colors_info=&#8221;{}&#8221;][\/et_pb_wc_title][et_pb_wc_rating _builder_version=&#8221;4.16&#8243; global_colors_info=&#8221;{}&#8221;][\/et_pb_wc_rating][et_pb_wc_price _builder_version=&#8221;4.16&#8243; global_colors_info=&#8221;{}&#8221;][\/et_pb_wc_price][et_pb_wc_description _builder_version=&#8221;4.16&#8243; global_colors_info=&#8221;{}&#8221;][\/et_pb_wc_description][et_pb_wc_add_to_cart _builder_version=&#8221;4.16&#8243; global_colors_info=&#8221;{}&#8221;][\/et_pb_wc_add_to_cart][et_pb_wc_meta _builder_version=&#8221;4.16&#8243; global_colors_info=&#8221;{}&#8221;][\/et_pb_wc_meta][\/et_pb_column][\/et_pb_row][et_pb_row _builder_version=&#8221;4.16&#8243; background_size=&#8221;initial&#8221; background_position=&#8221;top_left&#8221; background_repeat=&#8221;repeat&#8221; width=&#8221;100%&#8221; global_colors_info=&#8221;{}&#8221;][et_pb_column type=&#8221;4_4&#8243; _builder_version=&#8221;4.16&#8243; custom_padding=&#8221;|||&#8221; global_colors_info=&#8221;{}&#8221; custom_padding__hover=&#8221;|||&#8221;][et_pb_wc_tabs _builder_version=&#8221;4.16&#8243; global_colors_info=&#8221;{}&#8221;]\t\t\t\t\t[\/et_pb_wc_tabs][et_pb_wc_upsells _builder_version=&#8221;4.16&#8243; global_colors_info=&#8221;{}&#8221;][\/et_pb_wc_upsells][et_pb_wc_related_products _builder_version=&#8221;4.16&#8243; global_colors_info=&#8221;{}&#8221;][\/et_pb_wc_related_products][\/et_pb_column][\/et_pb_row][\/et_pb_section]\n","protected":false},"excerpt":{"rendered":"<p>&nbsp;<\/p>\n<p>L&#8217;Essenza Acqua Oud per diffusori \u00e8 una fragranza raffinata Made in Italy. Ideale per negozi specializzati, offre una profumazione elegante e avvolgente. Disponibile per la vendita all&#8217;ingrosso, perfetta per chi cerca prodotti di qualit\u00e0.<br \/>\nScopri l&#8217;espositore di essenze profumate contiene 84 fragranze miste, ideali per arricchire l&#8217;offerta del tuo negozio. Perfetto per la vendita all&#8217;ingrosso, include profumazioni Made in Italy per diffusori d&#8217;ambiente.<\/p>\n<p>&nbsp;<\/p>\n","protected":false},"featured_media":13515,"template":"","meta":{"_et_pb_use_builder":"on","_et_pb_old_content":"<div class=\"flex max-w-full flex-col flex-grow\">\r\n<div class=\"min-h-8 text-message flex w-full flex-col items-end gap-2 whitespace-normal break-words [.text-message+&amp;]:mt-5\" dir=\"auto\" data-message-author-role=\"assistant\" data-message-id=\"c2513bb7-045b-4e75-ab7b-b4e15f65108e\" data-message-model-slug=\"gpt-4o\">\r\n<div class=\"flex w-full flex-col gap-1 empty:hidden first:pt-[3px]\">\r\n<div class=\"markdown prose w-full break-words dark:prose-invert light\">\r\n\r\nEssenza Acqua Oud per diffusori Acqua oud 10 ml\r\n\r\nL'Essenza Acqua Oud per diffusori rappresenta una scelta sofisticata per profumare ambienti. Prodotta in Italia, questa fragranza unisce qualit\u00e0 artigianale e note olfattive ricercate, perfette per creare un'atmosfera avvolgente e accogliente. Ideale per negozi di arredamento e profumerie, questa essenza \u00e8 disponibile per la vendita all'ingrosso, garantendo ai tuoi clienti una soluzione elegante e di alta qualit\u00e0. Non perdere l'opportunit\u00e0 di offrire ai tuoi clienti un prodotto esclusivo che valorizza l'ambiente con una fragranza unica.\r\nScopri l'espositore;\r\nL'Espositore di essenze profumate con 84 fragranze miste \u00e8 una soluzione completa per negozi che vogliono offrire un'ampia gamma di profumazioni. Ogni fragranza \u00e8 Made in Italy, garantendo alta qualit\u00e0 e una variet\u00e0 di aromi capaci di soddisfare ogni preferenza. Questo espositore all'ingrosso \u00e8 perfetto per negozi di arredamento, profumerie e punti vendita specializzati, offrendo una selezione completa di essenze per diffusori. Grazie alla vasta gamma di profumazioni, i clienti troveranno facilmente l'aroma ideale per creare un'atmosfera accogliente e personalizzata. Un prodotto indispensabile per ampliare la tua offerta e garantire una scelta di qualit\u00e0 ai tuoi clienti.\r\n\r\n<\/div>\r\n<\/div>\r\n<\/div>\r\n<\/div>\r\n<div class=\"mb-2 flex gap-3 empty:hidden -ml-2\">\r\n<div class=\"items-center justify-start rounded-xl p-1 z-10 -mt-1 bg-token-main-surface-primary md:absolute md:sr-only\">\r\n<div class=\"flex items-center\"><\/div>\r\n<\/div>\r\n<\/div>","_et_gb_content_width":""},"product_cat":[169],"product_tag":[431,428,333,430,429],"yoast_head":"<!-- This site is optimized with the Yoast SEO Premium plugin v22.8 (Yoast SEO v22.8) - https:\/\/yoast.com\/wordpress\/plugins\/seo\/ -->\n<title>Essenza Acqua Oud per diffusori Acqua oud - Vendita all&#039;ingrosso<\/title>\n<meta name=\"description\" content=\"Essenza Acqua Oud per diffusori, fragranza Made in Italy di alta qualit\u00e0. Disponibile per vendita all&#039;ingrosso,scopri tutta la linea delle essenze.\" \/>\n<meta name=\"robots\" content=\"index, follow, max-snippet:-1, max-image-preview:large, max-video-preview:-1\" \/>\n<link rel=\"canonical\" href=\"https:\/\/www.voganto.it\/cat\/prodotto\/essenza-acqua-oud-per-diffusori-vendita-allingrosso\/\" \/>\n<meta property=\"og:locale\" content=\"it_IT\" \/>\n<meta property=\"og:type\" content=\"article\" \/>\n<meta property=\"og:title\" content=\"Essenza Acqua Oud per diffusori Acqua oud 10 ml\" \/>\n<meta property=\"og:description\" content=\"Essenza Acqua Oud per diffusori, fragranza Made in Italy di alta qualit\u00e0. Disponibile per vendita all&#039;ingrosso,scopri tutta la linea delle essenze.\" \/>\n<meta property=\"og:url\" content=\"https:\/\/www.voganto.it\/cat\/prodotto\/essenza-acqua-oud-per-diffusori-vendita-allingrosso\/\" \/>\n<meta property=\"og:site_name\" content=\"Voganto\" \/>\n<meta property=\"article:publisher\" content=\"https:\/\/www.facebook.com\/voganto\/?locale=it_IT\" \/>\n<meta property=\"article:modified_time\" content=\"2024-10-28T10:53:22+00:00\" \/>\n<meta property=\"og:image\" content=\"https:\/\/www.voganto.it\/cat\/wp-content\/uploads\/2024\/10\/Essenza-profumata-Acqua-oud-10-ml.jpg\" \/>\n\t<meta property=\"og:image:width\" content=\"822\" \/>\n\t<meta property=\"og:image:height\" content=\"900\" \/>\n\t<meta property=\"og:image:type\" content=\"image\/jpeg\" \/>\n<meta name=\"twitter:card\" content=\"summary_large_image\" \/>\n<meta name=\"twitter:label1\" content=\"Tempo di lettura stimato\" \/>\n\t<meta name=\"twitter:data1\" content=\"5 minuti\" \/>\n<script type=\"application\/ld+json\" class=\"yoast-schema-graph\">{\"@context\":\"https:\/\/schema.org\",\"@graph\":[{\"@type\":\"WebPage\",\"@id\":\"https:\/\/www.voganto.it\/cat\/prodotto\/essenza-acqua-oud-per-diffusori-vendita-allingrosso\/\",\"url\":\"https:\/\/www.voganto.it\/cat\/prodotto\/essenza-acqua-oud-per-diffusori-vendita-allingrosso\/\",\"name\":\"Essenza Acqua Oud per diffusori Acqua oud - Vendita all'ingrosso\",\"isPartOf\":{\"@id\":\"https:\/\/www.voganto.it\/cat\/#website\"},\"primaryImageOfPage\":{\"@id\":\"https:\/\/www.voganto.it\/cat\/prodotto\/essenza-acqua-oud-per-diffusori-vendita-allingrosso\/#primaryimage\"},\"image\":{\"@id\":\"https:\/\/www.voganto.it\/cat\/prodotto\/essenza-acqua-oud-per-diffusori-vendita-allingrosso\/#primaryimage\"},\"thumbnailUrl\":\"https:\/\/www.voganto.it\/cat\/wp-content\/uploads\/2024\/10\/Essenza-profumata-Acqua-oud-10-ml.jpg\",\"datePublished\":\"2024-10-28T10:06:38+00:00\",\"dateModified\":\"2024-10-28T10:53:22+00:00\",\"description\":\"Essenza Acqua Oud per diffusori, fragranza Made in Italy di alta qualit\u00e0. Disponibile per vendita all'ingrosso,scopri tutta la linea delle essenze.\",\"breadcrumb\":{\"@id\":\"https:\/\/www.voganto.it\/cat\/prodotto\/essenza-acqua-oud-per-diffusori-vendita-allingrosso\/#breadcrumb\"},\"inLanguage\":\"it-IT\",\"potentialAction\":[{\"@type\":\"ReadAction\",\"target\":[\"https:\/\/www.voganto.it\/cat\/prodotto\/essenza-acqua-oud-per-diffusori-vendita-allingrosso\/\"]}]},{\"@type\":\"ImageObject\",\"inLanguage\":\"it-IT\",\"@id\":\"https:\/\/www.voganto.it\/cat\/prodotto\/essenza-acqua-oud-per-diffusori-vendita-allingrosso\/#primaryimage\",\"url\":\"https:\/\/www.voganto.it\/cat\/wp-content\/uploads\/2024\/10\/Essenza-profumata-Acqua-oud-10-ml.jpg\",\"contentUrl\":\"https:\/\/www.voganto.it\/cat\/wp-content\/uploads\/2024\/10\/Essenza-profumata-Acqua-oud-10-ml.jpg\",\"width\":822,\"height\":900,\"caption\":\"INGROSSO essenze Voganto\"},{\"@type\":\"BreadcrumbList\",\"@id\":\"https:\/\/www.voganto.it\/cat\/prodotto\/essenza-acqua-oud-per-diffusori-vendita-allingrosso\/#breadcrumb\",\"itemListElement\":[{\"@type\":\"ListItem\",\"position\":1,\"name\":\"Home\",\"item\":\"https:\/\/www.voganto.it\/cat\/\"},{\"@type\":\"ListItem\",\"position\":2,\"name\":\"Prodotti\",\"item\":\"https:\/\/www.voganto.it\/cat\/\"},{\"@type\":\"ListItem\",\"position\":3,\"name\":\"Essenza Acqua Oud per diffusori Acqua oud 10 ml\"}]},{\"@type\":\"WebSite\",\"@id\":\"https:\/\/www.voganto.it\/cat\/#website\",\"url\":\"https:\/\/www.voganto.it\/cat\/\",\"name\":\"Voganto\",\"description\":\"MON STYLE NOW\",\"publisher\":{\"@id\":\"https:\/\/www.voganto.it\/cat\/#organization\"},\"potentialAction\":[{\"@type\":\"SearchAction\",\"target\":{\"@type\":\"EntryPoint\",\"urlTemplate\":\"https:\/\/www.voganto.it\/cat\/?s={search_term_string}\"},\"query-input\":\"required name=search_term_string\"}],\"inLanguage\":\"it-IT\"},{\"@type\":\"Organization\",\"@id\":\"https:\/\/www.voganto.it\/cat\/#organization\",\"name\":\"Voganto\",\"url\":\"https:\/\/www.voganto.it\/cat\/\",\"logo\":{\"@type\":\"ImageObject\",\"inLanguage\":\"it-IT\",\"@id\":\"https:\/\/www.voganto.it\/cat\/#\/schema\/logo\/image\/\",\"url\":\"https:\/\/www.voganto.it\/cat\/wp-content\/uploads\/2018\/11\/logo-voganto.png\",\"contentUrl\":\"https:\/\/www.voganto.it\/cat\/wp-content\/uploads\/2018\/11\/logo-voganto.png\",\"width\":370,\"height\":95,\"caption\":\"Voganto\"},\"image\":{\"@id\":\"https:\/\/www.voganto.it\/cat\/#\/schema\/logo\/image\/\"},\"sameAs\":[\"https:\/\/www.facebook.com\/voganto\/?locale=it_IT\"]}]}<\/script>\n<!-- \/ Yoast SEO Premium plugin. -->","yoast_head_json":{"title":"Essenza Acqua Oud per diffusori Acqua oud - Vendita all'ingrosso","description":"Essenza Acqua Oud per diffusori, fragranza Made in Italy di alta qualit\u00e0. Disponibile per vendita all'ingrosso,scopri tutta la linea delle essenze.","robots":{"index":"index","follow":"follow","max-snippet":"max-snippet:-1","max-image-preview":"max-image-preview:large","max-video-preview":"max-video-preview:-1"},"canonical":"https:\/\/www.voganto.it\/cat\/prodotto\/essenza-acqua-oud-per-diffusori-vendita-allingrosso\/","og_locale":"it_IT","og_type":"article","og_title":"Essenza Acqua Oud per diffusori Acqua oud 10 ml","og_description":"Essenza Acqua Oud per diffusori, fragranza Made in Italy di alta qualit\u00e0. Disponibile per vendita all'ingrosso,scopri tutta la linea delle essenze.","og_url":"https:\/\/www.voganto.it\/cat\/prodotto\/essenza-acqua-oud-per-diffusori-vendita-allingrosso\/","og_site_name":"Voganto","article_publisher":"https:\/\/www.facebook.com\/voganto\/?locale=it_IT","article_modified_time":"2024-10-28T10:53:22+00:00","og_image":[{"width":822,"height":900,"url":"https:\/\/www.voganto.it\/cat\/wp-content\/uploads\/2024\/10\/Essenza-profumata-Acqua-oud-10-ml.jpg","type":"image\/jpeg"}],"twitter_card":"summary_large_image","twitter_misc":{"Tempo di lettura stimato":"5 minuti"},"schema":{"@context":"https:\/\/schema.org","@graph":[{"@type":"WebPage","@id":"https:\/\/www.voganto.it\/cat\/prodotto\/essenza-acqua-oud-per-diffusori-vendita-allingrosso\/","url":"https:\/\/www.voganto.it\/cat\/prodotto\/essenza-acqua-oud-per-diffusori-vendita-allingrosso\/","name":"Essenza Acqua Oud per diffusori Acqua oud - Vendita all'ingrosso","isPartOf":{"@id":"https:\/\/www.voganto.it\/cat\/#website"},"primaryImageOfPage":{"@id":"https:\/\/www.voganto.it\/cat\/prodotto\/essenza-acqua-oud-per-diffusori-vendita-allingrosso\/#primaryimage"},"image":{"@id":"https:\/\/www.voganto.it\/cat\/prodotto\/essenza-acqua-oud-per-diffusori-vendita-allingrosso\/#primaryimage"},"thumbnailUrl":"https:\/\/www.voganto.it\/cat\/wp-content\/uploads\/2024\/10\/Essenza-profumata-Acqua-oud-10-ml.jpg","datePublished":"2024-10-28T10:06:38+00:00","dateModified":"2024-10-28T10:53:22+00:00","description":"Essenza Acqua Oud per diffusori, fragranza Made in Italy di alta qualit\u00e0. Disponibile per vendita all'ingrosso,scopri tutta la linea delle essenze.","breadcrumb":{"@id":"https:\/\/www.voganto.it\/cat\/prodotto\/essenza-acqua-oud-per-diffusori-vendita-allingrosso\/#breadcrumb"},"inLanguage":"it-IT","potentialAction":[{"@type":"ReadAction","target":["https:\/\/www.voganto.it\/cat\/prodotto\/essenza-acqua-oud-per-diffusori-vendita-allingrosso\/"]}]},{"@type":"ImageObject","inLanguage":"it-IT","@id":"https:\/\/www.voganto.it\/cat\/prodotto\/essenza-acqua-oud-per-diffusori-vendita-allingrosso\/#primaryimage","url":"https:\/\/www.voganto.it\/cat\/wp-content\/uploads\/2024\/10\/Essenza-profumata-Acqua-oud-10-ml.jpg","contentUrl":"https:\/\/www.voganto.it\/cat\/wp-content\/uploads\/2024\/10\/Essenza-profumata-Acqua-oud-10-ml.jpg","width":822,"height":900,"caption":"INGROSSO essenze Voganto"},{"@type":"BreadcrumbList","@id":"https:\/\/www.voganto.it\/cat\/prodotto\/essenza-acqua-oud-per-diffusori-vendita-allingrosso\/#breadcrumb","itemListElement":[{"@type":"ListItem","position":1,"name":"Home","item":"https:\/\/www.voganto.it\/cat\/"},{"@type":"ListItem","position":2,"name":"Prodotti","item":"https:\/\/www.voganto.it\/cat\/"},{"@type":"ListItem","position":3,"name":"Essenza Acqua Oud per diffusori Acqua oud 10 ml"}]},{"@type":"WebSite","@id":"https:\/\/www.voganto.it\/cat\/#website","url":"https:\/\/www.voganto.it\/cat\/","name":"Voganto","description":"MON STYLE NOW","publisher":{"@id":"https:\/\/www.voganto.it\/cat\/#organization"},"potentialAction":[{"@type":"SearchAction","target":{"@type":"EntryPoint","urlTemplate":"https:\/\/www.voganto.it\/cat\/?s={search_term_string}"},"query-input":"required name=search_term_string"}],"inLanguage":"it-IT"},{"@type":"Organization","@id":"https:\/\/www.voganto.it\/cat\/#organization","name":"Voganto","url":"https:\/\/www.voganto.it\/cat\/","logo":{"@type":"ImageObject","inLanguage":"it-IT","@id":"https:\/\/www.voganto.it\/cat\/#\/schema\/logo\/image\/","url":"https:\/\/www.voganto.it\/cat\/wp-content\/uploads\/2018\/11\/logo-voganto.png","contentUrl":"https:\/\/www.voganto.it\/cat\/wp-content\/uploads\/2018\/11\/logo-voganto.png","width":370,"height":95,"caption":"Voganto"},"image":{"@id":"https:\/\/www.voganto.it\/cat\/#\/schema\/logo\/image\/"},"sameAs":["https:\/\/www.facebook.com\/voganto\/?locale=it_IT"]}]}},"_links":{"self":[{"href":"https:\/\/www.voganto.it\/cat\/wp-json\/wp\/v2\/product\/13514"}],"collection":[{"href":"https:\/\/www.voganto.it\/cat\/wp-json\/wp\/v2\/product"}],"about":[{"href":"https:\/\/www.voganto.it\/cat\/wp-json\/wp\/v2\/types\/product"}],"wp:featuredmedia":[{"embeddable":true,"href":"https:\/\/www.voganto.it\/cat\/wp-json\/wp\/v2\/media\/13515"}],"wp:attachment":[{"href":"https:\/\/www.voganto.it\/cat\/wp-json\/wp\/v2\/media?parent=13514"}],"wp:term":[{"taxonomy":"product_cat","embeddable":true,"href":"https:\/\/www.voganto.it\/cat\/wp-json\/wp\/v2\/product_cat?post=13514"},{"taxonomy":"product_tag","embeddable":true,"href":"https:\/\/www.voganto.it\/cat\/wp-json\/wp\/v2\/product_tag?post=13514"}],"curies":[{"name":"wp","href":"https:\/\/api.w.org\/{rel}","templated":true}]}}