{"id":13667,"date":"2025-04-14T15:23:55","date_gmt":"2025-04-14T13:23:55","guid":{"rendered":"https:\/\/www.voganto.it\/cat\/?post_type=product&#038;p=13667"},"modified":"2025-04-14T16:25:05","modified_gmt":"2025-04-14T14:25:05","slug":"orecchini-argento-925-e-malachite","status":"publish","type":"product","link":"https:\/\/www.voganto.it\/cat\/prodotto\/orecchini-argento-925-e-malachite\/","title":{"rendered":"Orecchini argento 925 e Malachite cm 2"},"content":{"rendered":"[et_pb_section fb_built=&#8221;1&#8243; _builder_version=&#8221;4.16&#8243; custom_padding=&#8221;0px||||false|false&#8221; global_colors_info=&#8221;{}&#8221;][et_pb_row _builder_version=&#8221;4.16&#8243; background_size=&#8221;initial&#8221; background_position=&#8221;top_left&#8221; background_repeat=&#8221;repeat&#8221; width=&#8221;100%&#8221; custom_padding=&#8221;0px||0px||false|false&#8221; global_colors_info=&#8221;{}&#8221;][et_pb_column type=&#8221;4_4&#8243; _builder_version=&#8221;4.16&#8243; custom_padding=&#8221;|||&#8221; global_colors_info=&#8221;{}&#8221; custom_padding__hover=&#8221;|||&#8221;][et_pb_wc_breadcrumb _builder_version=&#8221;4.16&#8243; global_colors_info=&#8221;{}&#8221;][\/et_pb_wc_breadcrumb][et_pb_wc_cart_notice _builder_version=&#8221;4.16&#8243; global_colors_info=&#8221;{}&#8221;][\/et_pb_wc_cart_notice][\/et_pb_column][\/et_pb_row][et_pb_row column_structure=&#8221;1_2,1_2&#8243; _builder_version=&#8221;4.16&#8243; background_size=&#8221;initial&#8221; background_position=&#8221;top_left&#8221; background_repeat=&#8221;repeat&#8221; width=&#8221;100%&#8221; custom_padding=&#8221;0px||||false|false&#8221; global_colors_info=&#8221;{}&#8221;][et_pb_column type=&#8221;1_2&#8243; _builder_version=&#8221;4.16&#8243; custom_padding=&#8221;|||&#8221; global_colors_info=&#8221;{}&#8221; custom_padding__hover=&#8221;|||&#8221;][et_pb_wc_images _builder_version=&#8221;4.16&#8243; global_colors_info=&#8221;{}&#8221;][\/et_pb_wc_images][\/et_pb_column][et_pb_column type=&#8221;1_2&#8243; _builder_version=&#8221;4.16&#8243; custom_padding=&#8221;|||&#8221; global_colors_info=&#8221;{}&#8221; custom_padding__hover=&#8221;|||&#8221;][et_pb_wc_title _builder_version=&#8221;4.16&#8243; global_colors_info=&#8221;{}&#8221;][\/et_pb_wc_title][et_pb_wc_rating _builder_version=&#8221;4.16&#8243; global_colors_info=&#8221;{}&#8221;][\/et_pb_wc_rating][et_pb_wc_price _builder_version=&#8221;4.16&#8243; global_colors_info=&#8221;{}&#8221;][\/et_pb_wc_price][et_pb_wc_description _builder_version=&#8221;4.16&#8243; global_colors_info=&#8221;{}&#8221;][\/et_pb_wc_description][et_pb_wc_add_to_cart _builder_version=&#8221;4.16&#8243; global_colors_info=&#8221;{}&#8221;][\/et_pb_wc_add_to_cart][et_pb_wc_meta _builder_version=&#8221;4.16&#8243; global_colors_info=&#8221;{}&#8221;][\/et_pb_wc_meta][\/et_pb_column][\/et_pb_row][et_pb_row _builder_version=&#8221;4.16&#8243; background_size=&#8221;initial&#8221; background_position=&#8221;top_left&#8221; background_repeat=&#8221;repeat&#8221; width=&#8221;100%&#8221; global_colors_info=&#8221;{}&#8221;][et_pb_column type=&#8221;4_4&#8243; _builder_version=&#8221;4.16&#8243; custom_padding=&#8221;|||&#8221; global_colors_info=&#8221;{}&#8221; custom_padding__hover=&#8221;|||&#8221;][et_pb_wc_tabs _builder_version=&#8221;4.25.1&#8243; global_colors_info=&#8221;{}&#8221;]\t\t\t\t\t[\/et_pb_wc_tabs][et_pb_wc_upsells _builder_version=&#8221;4.16&#8243; global_colors_info=&#8221;{}&#8221;][\/et_pb_wc_upsells][et_pb_wc_related_products _builder_version=&#8221;4.16&#8243; global_colors_info=&#8221;{}&#8221;][\/et_pb_wc_related_products][et_pb_wc_related_products _builder_version=&#8221;4.16&#8243; global_colors_info=&#8221;{}&#8221;][\/et_pb_wc_related_products][\/et_pb_column][\/et_pb_row][\/et_pb_section]\n","protected":false},"excerpt":{"rendered":"<p class=\"\" data-start=\"450\" data-end=\"847\">Gli <strong data-start=\"454\" data-end=\"502\">orecchini in argento 925 e Malachite da 2 cm<\/strong> rappresentano un accessorio prezioso per qualsiasi rivenditore che voglia offrire prodotti in pietre naturali di alta qualit\u00e0. Ogni pezzo \u00e8 realizzato con cura, unendo la brillantezza dell&#8217;argento 925 alla bellezza ipnotica della Malachite, nota per le sue striature verdi uniche e le propriet\u00e0 simboliche legate alla protezione e al benessere.<\/p>\n<p class=\"\" data-start=\"849\" data-end=\"1211\">Noi di <strong data-start=\"856\" data-end=\"867\">VOGANTO<\/strong>, in qualit\u00e0 di <strong data-start=\"883\" data-end=\"906\">importatori diretti<\/strong>, offriamo questi articoli attraverso la nostra <strong data-start=\"954\" data-end=\"978\">vendita all\u2019ingrosso<\/strong> riservata esclusivamente ai negozianti. Questo modello, dalla misura contenuta e dal design elegante, \u00e8 adatto a boutique di gioielli, negozi di articoli esoterici e store di accessori moda attenti alla selezione delle pietre dure.<\/p>\n<p>&nbsp;<\/p>\n","protected":false},"featured_media":13668,"template":"","meta":{"_et_pb_use_builder":"on","_et_pb_old_content":"<p class=\"\" data-start=\"2039\" data-end=\"2498\">Gli <strong data-start=\"2043\" data-end=\"2091\">orecchini in argento 925 e Malachite da 2 cm<\/strong> sono una proposta raffinata pensata per negozi e rivenditori alla ricerca di accessori in pietra naturale che uniscano qualit\u00e0, bellezza e significato. La Malachite \u00e8 una pietra particolarmente apprezzata nel mondo della cristalloterapia per le sue propriet\u00e0 protettive e rigeneranti, ed \u00e8 amata per il suo aspetto naturale con venature verdi concentriche, sempre diverse, che rendono ogni orecchino unico.<\/p>\r\n<p class=\"\" data-start=\"2500\" data-end=\"2887\">L\u2019argento 925 utilizzato come base dona luminosit\u00e0 e raffinatezza al design compatto, rendendo questo modello perfetto per clienti di ogni et\u00e0, sia per uso quotidiano che per un regalo speciale. Ogni coppia \u00e8 selezionata per assicurare uniformit\u00e0 nella qualit\u00e0 delle pietre e nella lavorazione dell\u2019argento, mantenendo uno standard elevato che valorizza l\u2019immagine del tuo punto vendita.<\/p>\r\n<p class=\"\" data-start=\"2889\" data-end=\"3233\">Come <strong data-start=\"2894\" data-end=\"2917\">importatori diretti<\/strong>, proponiamo questi articoli attraverso una <strong data-start=\"2961\" data-end=\"3008\">distribuzione all\u2019ingrosso riservata al B2B<\/strong>, pensata per boutique di gioielli, negozi etnici, erboristerie e rivenditori specializzati in articoli spirituali e naturali.\r\nCon VOGANTO, puoi contare su forniture puntuali, prezzi competitivi e un assortimento che segue le tendenze del mercato. Scegli la qualit\u00e0 della pietra naturale, la garanzia dell\u2019argento 925 e l\u2019affidabilit\u00e0 di un <strong data-start=\"3678\" data-end=\"3726\">grossista esperto nella vendita all\u2019ingrosso<\/strong> per rivenditori come te.<\/p>","_et_gb_content_width":""},"product_cat":[179],"product_tag":[476,435,478],"yoast_head":"<!-- This site is optimized with the Yoast SEO Premium plugin v22.8 (Yoast SEO v22.8) - https:\/\/yoast.com\/wordpress\/plugins\/seo\/ -->\n<title>Orecchini argento 925 e malachite - Grossista<\/title>\n<meta name=\"description\" content=\"Orecchini argento 925 e Malachite cm 2. Vendita all&#039;ingrosso per rivenditori. Importatori diretti, qualit\u00e0 e stile per il tuo assortimento.\" \/>\n<meta name=\"robots\" content=\"index, follow, max-snippet:-1, max-image-preview:large, max-video-preview:-1\" \/>\n<link rel=\"canonical\" href=\"https:\/\/www.voganto.it\/cat\/prodotto\/orecchini-argento-925-e-malachite\/\" \/>\n<meta property=\"og:locale\" content=\"it_IT\" \/>\n<meta property=\"og:type\" content=\"article\" \/>\n<meta property=\"og:title\" content=\"Orecchini argento 925 e Malachite cm 2\" \/>\n<meta property=\"og:description\" content=\"Orecchini argento 925 e Malachite cm 2. Vendita all&#039;ingrosso per rivenditori. Importatori diretti, qualit\u00e0 e stile per il tuo assortimento.\" \/>\n<meta property=\"og:url\" content=\"https:\/\/www.voganto.it\/cat\/prodotto\/orecchini-argento-925-e-malachite\/\" \/>\n<meta property=\"og:site_name\" content=\"Voganto\" \/>\n<meta property=\"article:publisher\" content=\"https:\/\/www.facebook.com\/voganto\/?locale=it_IT\" \/>\n<meta property=\"article:modified_time\" content=\"2025-04-14T14:25:05+00:00\" \/>\n<meta property=\"og:image\" content=\"https:\/\/www.voganto.it\/cat\/wp-content\/uploads\/2025\/04\/ARGENTO-925.jpg\" \/>\n\t<meta property=\"og:image:width\" content=\"1024\" \/>\n\t<meta property=\"og:image:height\" content=\"1024\" \/>\n\t<meta property=\"og:image:type\" content=\"image\/jpeg\" \/>\n<meta name=\"twitter:card\" content=\"summary_large_image\" \/>\n<meta name=\"twitter:label1\" content=\"Tempo di lettura stimato\" \/>\n\t<meta name=\"twitter:data1\" content=\"5 minuti\" \/>\n<script type=\"application\/ld+json\" class=\"yoast-schema-graph\">{\"@context\":\"https:\/\/schema.org\",\"@graph\":[{\"@type\":\"WebPage\",\"@id\":\"https:\/\/www.voganto.it\/cat\/prodotto\/orecchini-argento-925-e-malachite\/\",\"url\":\"https:\/\/www.voganto.it\/cat\/prodotto\/orecchini-argento-925-e-malachite\/\",\"name\":\"Orecchini argento 925 e malachite - Grossista\",\"isPartOf\":{\"@id\":\"https:\/\/www.voganto.it\/cat\/#website\"},\"primaryImageOfPage\":{\"@id\":\"https:\/\/www.voganto.it\/cat\/prodotto\/orecchini-argento-925-e-malachite\/#primaryimage\"},\"image\":{\"@id\":\"https:\/\/www.voganto.it\/cat\/prodotto\/orecchini-argento-925-e-malachite\/#primaryimage\"},\"thumbnailUrl\":\"https:\/\/www.voganto.it\/cat\/wp-content\/uploads\/2025\/04\/ARGENTO-925.jpg\",\"datePublished\":\"2025-04-14T13:23:55+00:00\",\"dateModified\":\"2025-04-14T14:25:05+00:00\",\"description\":\"Orecchini argento 925 e Malachite cm 2. Vendita all'ingrosso per rivenditori. Importatori diretti, qualit\u00e0 e stile per il tuo assortimento.\",\"breadcrumb\":{\"@id\":\"https:\/\/www.voganto.it\/cat\/prodotto\/orecchini-argento-925-e-malachite\/#breadcrumb\"},\"inLanguage\":\"it-IT\",\"potentialAction\":[{\"@type\":\"ReadAction\",\"target\":[\"https:\/\/www.voganto.it\/cat\/prodotto\/orecchini-argento-925-e-malachite\/\"]}]},{\"@type\":\"ImageObject\",\"inLanguage\":\"it-IT\",\"@id\":\"https:\/\/www.voganto.it\/cat\/prodotto\/orecchini-argento-925-e-malachite\/#primaryimage\",\"url\":\"https:\/\/www.voganto.it\/cat\/wp-content\/uploads\/2025\/04\/ARGENTO-925.jpg\",\"contentUrl\":\"https:\/\/www.voganto.it\/cat\/wp-content\/uploads\/2025\/04\/ARGENTO-925.jpg\",\"width\":1024,\"height\":1024,\"caption\":\"VENDITA ALL'INGROSSO ORECCHINI IN ARGENTO 925\"},{\"@type\":\"BreadcrumbList\",\"@id\":\"https:\/\/www.voganto.it\/cat\/prodotto\/orecchini-argento-925-e-malachite\/#breadcrumb\",\"itemListElement\":[{\"@type\":\"ListItem\",\"position\":1,\"name\":\"Home\",\"item\":\"https:\/\/www.voganto.it\/cat\/\"},{\"@type\":\"ListItem\",\"position\":2,\"name\":\"Prodotti\",\"item\":\"https:\/\/www.voganto.it\/cat\/\"},{\"@type\":\"ListItem\",\"position\":3,\"name\":\"Orecchini argento 925 e Malachite cm 2\"}]},{\"@type\":\"WebSite\",\"@id\":\"https:\/\/www.voganto.it\/cat\/#website\",\"url\":\"https:\/\/www.voganto.it\/cat\/\",\"name\":\"Voganto\",\"description\":\"MON STYLE NOW\",\"publisher\":{\"@id\":\"https:\/\/www.voganto.it\/cat\/#organization\"},\"potentialAction\":[{\"@type\":\"SearchAction\",\"target\":{\"@type\":\"EntryPoint\",\"urlTemplate\":\"https:\/\/www.voganto.it\/cat\/?s={search_term_string}\"},\"query-input\":\"required name=search_term_string\"}],\"inLanguage\":\"it-IT\"},{\"@type\":\"Organization\",\"@id\":\"https:\/\/www.voganto.it\/cat\/#organization\",\"name\":\"Voganto\",\"url\":\"https:\/\/www.voganto.it\/cat\/\",\"logo\":{\"@type\":\"ImageObject\",\"inLanguage\":\"it-IT\",\"@id\":\"https:\/\/www.voganto.it\/cat\/#\/schema\/logo\/image\/\",\"url\":\"https:\/\/www.voganto.it\/cat\/wp-content\/uploads\/2018\/11\/logo-voganto.png\",\"contentUrl\":\"https:\/\/www.voganto.it\/cat\/wp-content\/uploads\/2018\/11\/logo-voganto.png\",\"width\":370,\"height\":95,\"caption\":\"Voganto\"},\"image\":{\"@id\":\"https:\/\/www.voganto.it\/cat\/#\/schema\/logo\/image\/\"},\"sameAs\":[\"https:\/\/www.facebook.com\/voganto\/?locale=it_IT\"]}]}<\/script>\n<!-- \/ Yoast SEO Premium plugin. -->","yoast_head_json":{"title":"Orecchini argento 925 e malachite - Grossista","description":"Orecchini argento 925 e Malachite cm 2. Vendita all'ingrosso per rivenditori. Importatori diretti, qualit\u00e0 e stile per il tuo assortimento.","robots":{"index":"index","follow":"follow","max-snippet":"max-snippet:-1","max-image-preview":"max-image-preview:large","max-video-preview":"max-video-preview:-1"},"canonical":"https:\/\/www.voganto.it\/cat\/prodotto\/orecchini-argento-925-e-malachite\/","og_locale":"it_IT","og_type":"article","og_title":"Orecchini argento 925 e Malachite cm 2","og_description":"Orecchini argento 925 e Malachite cm 2. Vendita all'ingrosso per rivenditori. Importatori diretti, qualit\u00e0 e stile per il tuo assortimento.","og_url":"https:\/\/www.voganto.it\/cat\/prodotto\/orecchini-argento-925-e-malachite\/","og_site_name":"Voganto","article_publisher":"https:\/\/www.facebook.com\/voganto\/?locale=it_IT","article_modified_time":"2025-04-14T14:25:05+00:00","og_image":[{"width":1024,"height":1024,"url":"https:\/\/www.voganto.it\/cat\/wp-content\/uploads\/2025\/04\/ARGENTO-925.jpg","type":"image\/jpeg"}],"twitter_card":"summary_large_image","twitter_misc":{"Tempo di lettura stimato":"5 minuti"},"schema":{"@context":"https:\/\/schema.org","@graph":[{"@type":"WebPage","@id":"https:\/\/www.voganto.it\/cat\/prodotto\/orecchini-argento-925-e-malachite\/","url":"https:\/\/www.voganto.it\/cat\/prodotto\/orecchini-argento-925-e-malachite\/","name":"Orecchini argento 925 e malachite - Grossista","isPartOf":{"@id":"https:\/\/www.voganto.it\/cat\/#website"},"primaryImageOfPage":{"@id":"https:\/\/www.voganto.it\/cat\/prodotto\/orecchini-argento-925-e-malachite\/#primaryimage"},"image":{"@id":"https:\/\/www.voganto.it\/cat\/prodotto\/orecchini-argento-925-e-malachite\/#primaryimage"},"thumbnailUrl":"https:\/\/www.voganto.it\/cat\/wp-content\/uploads\/2025\/04\/ARGENTO-925.jpg","datePublished":"2025-04-14T13:23:55+00:00","dateModified":"2025-04-14T14:25:05+00:00","description":"Orecchini argento 925 e Malachite cm 2. Vendita all'ingrosso per rivenditori. Importatori diretti, qualit\u00e0 e stile per il tuo assortimento.","breadcrumb":{"@id":"https:\/\/www.voganto.it\/cat\/prodotto\/orecchini-argento-925-e-malachite\/#breadcrumb"},"inLanguage":"it-IT","potentialAction":[{"@type":"ReadAction","target":["https:\/\/www.voganto.it\/cat\/prodotto\/orecchini-argento-925-e-malachite\/"]}]},{"@type":"ImageObject","inLanguage":"it-IT","@id":"https:\/\/www.voganto.it\/cat\/prodotto\/orecchini-argento-925-e-malachite\/#primaryimage","url":"https:\/\/www.voganto.it\/cat\/wp-content\/uploads\/2025\/04\/ARGENTO-925.jpg","contentUrl":"https:\/\/www.voganto.it\/cat\/wp-content\/uploads\/2025\/04\/ARGENTO-925.jpg","width":1024,"height":1024,"caption":"VENDITA ALL'INGROSSO ORECCHINI IN ARGENTO 925"},{"@type":"BreadcrumbList","@id":"https:\/\/www.voganto.it\/cat\/prodotto\/orecchini-argento-925-e-malachite\/#breadcrumb","itemListElement":[{"@type":"ListItem","position":1,"name":"Home","item":"https:\/\/www.voganto.it\/cat\/"},{"@type":"ListItem","position":2,"name":"Prodotti","item":"https:\/\/www.voganto.it\/cat\/"},{"@type":"ListItem","position":3,"name":"Orecchini argento 925 e Malachite cm 2"}]},{"@type":"WebSite","@id":"https:\/\/www.voganto.it\/cat\/#website","url":"https:\/\/www.voganto.it\/cat\/","name":"Voganto","description":"MON STYLE NOW","publisher":{"@id":"https:\/\/www.voganto.it\/cat\/#organization"},"potentialAction":[{"@type":"SearchAction","target":{"@type":"EntryPoint","urlTemplate":"https:\/\/www.voganto.it\/cat\/?s={search_term_string}"},"query-input":"required name=search_term_string"}],"inLanguage":"it-IT"},{"@type":"Organization","@id":"https:\/\/www.voganto.it\/cat\/#organization","name":"Voganto","url":"https:\/\/www.voganto.it\/cat\/","logo":{"@type":"ImageObject","inLanguage":"it-IT","@id":"https:\/\/www.voganto.it\/cat\/#\/schema\/logo\/image\/","url":"https:\/\/www.voganto.it\/cat\/wp-content\/uploads\/2018\/11\/logo-voganto.png","contentUrl":"https:\/\/www.voganto.it\/cat\/wp-content\/uploads\/2018\/11\/logo-voganto.png","width":370,"height":95,"caption":"Voganto"},"image":{"@id":"https:\/\/www.voganto.it\/cat\/#\/schema\/logo\/image\/"},"sameAs":["https:\/\/www.facebook.com\/voganto\/?locale=it_IT"]}]}},"_links":{"self":[{"href":"https:\/\/www.voganto.it\/cat\/wp-json\/wp\/v2\/product\/13667"}],"collection":[{"href":"https:\/\/www.voganto.it\/cat\/wp-json\/wp\/v2\/product"}],"about":[{"href":"https:\/\/www.voganto.it\/cat\/wp-json\/wp\/v2\/types\/product"}],"wp:featuredmedia":[{"embeddable":true,"href":"https:\/\/www.voganto.it\/cat\/wp-json\/wp\/v2\/media\/13668"}],"wp:attachment":[{"href":"https:\/\/www.voganto.it\/cat\/wp-json\/wp\/v2\/media?parent=13667"}],"wp:term":[{"taxonomy":"product_cat","embeddable":true,"href":"https:\/\/www.voganto.it\/cat\/wp-json\/wp\/v2\/product_cat?post=13667"},{"taxonomy":"product_tag","embeddable":true,"href":"https:\/\/www.voganto.it\/cat\/wp-json\/wp\/v2\/product_tag?post=13667"}],"curies":[{"name":"wp","href":"https:\/\/api.w.org\/{rel}","templated":true}]}}