{"id":13677,"date":"2025-04-15T15:55:30","date_gmt":"2025-04-15T13:55:30","guid":{"rendered":"https:\/\/www.voganto.it\/cat\/?post_type=product&#038;p=13677"},"modified":"2025-04-15T17:07:48","modified_gmt":"2025-04-15T15:07:48","slug":"anello-argento-pietra-di-luna-925-allingrosso","status":"publish","type":"product","link":"https:\/\/www.voganto.it\/cat\/prodotto\/anello-argento-pietra-di-luna-925-allingrosso\/","title":{"rendered":"Anello in argento 925 con Pietra di luna"},"content":{"rendered":"[et_pb_section fb_built=&#8221;1&#8243; _builder_version=&#8221;4.16&#8243; custom_padding=&#8221;0px||||false|false&#8221; global_colors_info=&#8221;{}&#8221;][et_pb_row _builder_version=&#8221;4.16&#8243; background_size=&#8221;initial&#8221; background_position=&#8221;top_left&#8221; background_repeat=&#8221;repeat&#8221; width=&#8221;100%&#8221; custom_padding=&#8221;0px||0px||false|false&#8221; global_colors_info=&#8221;{}&#8221;][et_pb_column type=&#8221;4_4&#8243; _builder_version=&#8221;4.16&#8243; custom_padding=&#8221;|||&#8221; global_colors_info=&#8221;{}&#8221; custom_padding__hover=&#8221;|||&#8221;][et_pb_wc_breadcrumb _builder_version=&#8221;4.16&#8243; global_colors_info=&#8221;{}&#8221;][\/et_pb_wc_breadcrumb][et_pb_wc_cart_notice _builder_version=&#8221;4.16&#8243; global_colors_info=&#8221;{}&#8221;][\/et_pb_wc_cart_notice][\/et_pb_column][\/et_pb_row][et_pb_row column_structure=&#8221;1_2,1_2&#8243; _builder_version=&#8221;4.16&#8243; background_size=&#8221;initial&#8221; background_position=&#8221;top_left&#8221; background_repeat=&#8221;repeat&#8221; width=&#8221;100%&#8221; custom_padding=&#8221;0px||||false|false&#8221; global_colors_info=&#8221;{}&#8221;][et_pb_column type=&#8221;1_2&#8243; _builder_version=&#8221;4.16&#8243; custom_padding=&#8221;|||&#8221; global_colors_info=&#8221;{}&#8221; custom_padding__hover=&#8221;|||&#8221;][et_pb_wc_images _builder_version=&#8221;4.16&#8243; global_colors_info=&#8221;{}&#8221;][\/et_pb_wc_images][\/et_pb_column][et_pb_column type=&#8221;1_2&#8243; _builder_version=&#8221;4.16&#8243; custom_padding=&#8221;|||&#8221; global_colors_info=&#8221;{}&#8221; custom_padding__hover=&#8221;|||&#8221;][et_pb_wc_title _builder_version=&#8221;4.16&#8243; global_colors_info=&#8221;{}&#8221;][\/et_pb_wc_title][et_pb_wc_rating _builder_version=&#8221;4.16&#8243; global_colors_info=&#8221;{}&#8221;][\/et_pb_wc_rating][et_pb_wc_price _builder_version=&#8221;4.16&#8243; global_colors_info=&#8221;{}&#8221;][\/et_pb_wc_price][et_pb_wc_description _builder_version=&#8221;4.16&#8243; global_colors_info=&#8221;{}&#8221;][\/et_pb_wc_description][et_pb_wc_add_to_cart _builder_version=&#8221;4.16&#8243; global_colors_info=&#8221;{}&#8221;][\/et_pb_wc_add_to_cart][et_pb_wc_meta _builder_version=&#8221;4.16&#8243; global_colors_info=&#8221;{}&#8221;][\/et_pb_wc_meta][\/et_pb_column][\/et_pb_row][et_pb_row _builder_version=&#8221;4.16&#8243; background_size=&#8221;initial&#8221; background_position=&#8221;top_left&#8221; background_repeat=&#8221;repeat&#8221; width=&#8221;100%&#8221; global_colors_info=&#8221;{}&#8221;][et_pb_column type=&#8221;4_4&#8243; _builder_version=&#8221;4.16&#8243; custom_padding=&#8221;|||&#8221; global_colors_info=&#8221;{}&#8221; custom_padding__hover=&#8221;|||&#8221;][et_pb_wc_tabs _builder_version=&#8221;4.25.1&#8243; global_colors_info=&#8221;{}&#8221;]\t\t\t\t\t[\/et_pb_wc_tabs][et_pb_wc_upsells _builder_version=&#8221;4.16&#8243; global_colors_info=&#8221;{}&#8221;][\/et_pb_wc_upsells][et_pb_wc_related_products _builder_version=&#8221;4.16&#8243; global_colors_info=&#8221;{}&#8221;][\/et_pb_wc_related_products][\/et_pb_column][\/et_pb_row][\/et_pb_section]\n","protected":false},"excerpt":{"rendered":"<p>L\u2019<strong data-start=\"1304\" data-end=\"1348\">anello in argento 925 con Pietra di luna<\/strong> \u00e8 un gioiello elegante e carico di significato. La pietra di luna, con il suo riflesso cangiante e le sfumature bianche perlacee, \u00e8 apprezzata per le propriet\u00e0 legate alla femminilit\u00e0, all\u2019intuizione e alla protezione energetica. Il design raffinato e la qualit\u00e0 dell\u2019argento 925 lo rendono perfetto per concept store, negozi di articoli olistici e boutique di bijoux.<br data-start=\"1717\" data-end=\"1720\" \/>Proposto in <strong data-start=\"1732\" data-end=\"1756\">vendita all\u2019ingrosso<\/strong>, questo anello garantisce alta rotazione grazie al fascino della pietra e al valore simbolico che comunica. Noi di <strong data-start=\"1872\" data-end=\"1883\">VOGANTO<\/strong>, come <strong data-start=\"1890\" data-end=\"1913\">importatori diretti<\/strong>, offriamo ai rivenditori una selezione di gioielli in pietre naturali pensati per la <strong data-start=\"1999\" data-end=\"2020\">distribuzione B2B<\/strong> di qualit\u00e0.<\/p>\n<p class=\"\" data-start=\"336\" data-end=\"731\">Un\u2019eleganza senza tempo racchiusa in un anello: il nostro <strong data-start=\"394\" data-end=\"438\">anello in argento 925 con Pietra di Luna<\/strong> \u00e8 una proposta raffinata per negozi e boutique che desiderano offrire gioielli carichi di fascino e significato. La montatura in <strong data-start=\"568\" data-end=\"604\">argento lavorato artigianalmente<\/strong> valorizza la forma ovale della Pietra di Luna, incorniciandola con un design etnico e ricercato che si adatta a diversi stili.<\/p>\n<p class=\"\" data-start=\"733\" data-end=\"961\">Ogni anello \u00e8 unico, con leggere variazioni nella pietra che ne esaltano l\u2019autenticit\u00e0. Il suo aspetto luminoso e perlaceo attira l\u2019attenzione senza risultare eccessivo: perfetto per chi ama i dettagli delicati ma significativi.<\/p>\n<p>&nbsp;<\/p>\n<p>&nbsp;<\/p>\n<p>&nbsp;<\/p>\n","protected":false},"featured_media":13678,"template":"","meta":{"_et_pb_use_builder":"on","_et_pb_old_content":"L\u2019<strong data-start=\"1304\" data-end=\"1348\">anello in argento 925 con Pietra di luna<\/strong> \u00e8 un gioiello elegante e carico di significato. La pietra di luna, con il suo riflesso cangiante e le sfumature bianche perlacee, \u00e8 apprezzata per le propriet\u00e0 legate alla femminilit\u00e0, all\u2019intuizione e alla protezione energetica. Il design raffinato e la qualit\u00e0 dell\u2019argento 925 lo rendono perfetto per concept store, negozi di articoli olistici e boutique di bijoux.<br data-start=\"1717\" data-end=\"1720\" \/>Proposto in <strong data-start=\"1732\" data-end=\"1756\">vendita all\u2019ingrosso<\/strong>, questo anello garantisce alta rotazione grazie al fascino della pietra e al valore simbolico che comunica. Noi di <strong data-start=\"1872\" data-end=\"1883\">VOGANTO<\/strong>, come <strong data-start=\"1890\" data-end=\"1913\">importatori diretti<\/strong>, offriamo ai rivenditori una selezione di gioielli in pietre naturali pensati per la <strong data-start=\"1999\" data-end=\"2020\">distribuzione B2B<\/strong> di qualit\u00e0.\r\n<h2 class=\"\" data-start=\"174\" data-end=\"220\"><strong data-start=\"180\" data-end=\"220\">Caratteristiche e propriet\u00e0 della Pietra di Luna<\/strong><\/h2>\r\n<ul data-start=\"222\" data-end=\"948\">\r\n \t<li class=\"\" data-start=\"222\" data-end=\"335\">\r\n<p class=\"\" data-start=\"224\" data-end=\"335\">\u2705 <strong data-start=\"226\" data-end=\"237\">Aspetto<\/strong>: Colore bianco perlaceo con riflessi blu o iridescenti, spesso con effetto \"luna\" (adularescenza)<\/p>\r\n<\/li>\r\n \t<li class=\"\" data-start=\"336\" data-end=\"556\">\r\n<p class=\"\" data-start=\"338\" data-end=\"365\">\u2705 <strong data-start=\"340\" data-end=\"364\">Propriet\u00e0 simboliche<\/strong>:<\/p>\r\n\r\n<ul data-start=\"368\" data-end=\"556\">\r\n \t<li class=\"\" data-start=\"368\" data-end=\"430\">\r\n<p class=\"\" data-start=\"370\" data-end=\"430\">Favorisce l\u2019<strong data-start=\"382\" data-end=\"396\">intuizione<\/strong> e la <strong data-start=\"402\" data-end=\"430\">consapevolezza interiore<\/strong><\/p>\r\n<\/li>\r\n \t<li class=\"\" data-start=\"433\" data-end=\"511\">\r\n<p class=\"\" data-start=\"435\" data-end=\"511\">Considerata una pietra legata all\u2019<strong data-start=\"469\" data-end=\"490\">energia femminile<\/strong> e alla <strong data-start=\"498\" data-end=\"511\">ciclicit\u00e0<\/strong><\/p>\r\n<\/li>\r\n \t<li class=\"\" data-start=\"514\" data-end=\"556\">\r\n<p class=\"\" data-start=\"516\" data-end=\"556\">Porta equilibrio emotivo e calma mentale<\/p>\r\n<\/li>\r\n<\/ul>\r\n<\/li>\r\n \t<li class=\"\" data-start=\"557\" data-end=\"750\">\r\n<p class=\"\" data-start=\"559\" data-end=\"602\">\u2705 <strong data-start=\"561\" data-end=\"601\">Benefici secondo la cristalloterapia<\/strong>:<\/p>\r\n\r\n<ul data-start=\"605\" data-end=\"750\">\r\n \t<li class=\"\" data-start=\"605\" data-end=\"632\">\r\n<p class=\"\" data-start=\"607\" data-end=\"632\">Stimola la <strong data-start=\"618\" data-end=\"632\">creativit\u00e0<\/strong><\/p>\r\n<\/li>\r\n \t<li class=\"\" data-start=\"635\" data-end=\"684\">\r\n<p class=\"\" data-start=\"637\" data-end=\"684\">Rafforza la <strong data-start=\"649\" data-end=\"684\">connessione con il s\u00e9 interiore<\/strong><\/p>\r\n<\/li>\r\n \t<li class=\"\" data-start=\"687\" data-end=\"750\">\r\n<p class=\"\" data-start=\"689\" data-end=\"750\">Aiuta nei momenti di cambiamento, favorendo l\u2019<strong data-start=\"735\" data-end=\"750\">adattamento<\/strong><\/p>\r\n<\/li>\r\n<\/ul>\r\n<\/li>\r\n \t<li class=\"\" data-start=\"751\" data-end=\"816\">\r\n<p class=\"\" data-start=\"753\" data-end=\"816\">\u2705 <strong data-start=\"755\" data-end=\"775\">Chakra associato<\/strong>: <strong data-start=\"777\" data-end=\"793\">Terzo occhio<\/strong> e <strong data-start=\"796\" data-end=\"816\">chakra del cuore<\/strong><\/p>\r\n<\/li>\r\n \t<li class=\"\" data-start=\"817\" data-end=\"872\">\r\n<p class=\"\" data-start=\"819\" data-end=\"872\">\u2705 <strong data-start=\"821\" data-end=\"847\">Segni zodiacali affini<\/strong>: Cancro, Pesci, Bilancia<\/p>\r\n<\/li>\r\n \t<li class=\"\" data-start=\"873\" data-end=\"948\">\r\n<p class=\"\" data-start=\"875\" data-end=\"948\">\u2705 <strong data-start=\"877\" data-end=\"896\">Utilizzo comune<\/strong>: Gioielli, amuleti, meditazione, pratiche olistiche<\/p>\r\n<\/li>\r\n \t<li data-start=\"873\" data-end=\"948\">\r\n<h3 class=\"\" data-start=\"1062\" data-end=\"1099\"><strong data-start=\"1069\" data-end=\"1097\"> Protezione energetica<\/strong><\/h3>\r\n<p class=\"\" data-start=\"1100\" data-end=\"1235\">Si crede che protegga da energie negative e favorisca un'aura pulita e luminosa. Spesso utilizzata come <strong data-start=\"1204\" data-end=\"1217\">talismano<\/strong> durante i viaggi.<\/p>\r\n<\/li>\r\n<\/ul>\r\n&nbsp;","_et_gb_content_width":""},"product_cat":[179],"product_tag":[482,481,480,483],"yoast_head":"<!-- This site is optimized with the Yoast SEO Premium plugin v22.8 (Yoast SEO v22.8) - https:\/\/yoast.com\/wordpress\/plugins\/seo\/ -->\n<title>Anello argento Pietra di luna 925- ALL&#039;INGROSSO<\/title>\n<meta name=\"description\" content=\"Anello con Pietra di luna in argento 925. Vendita all\u2019ingrosso riservata ai rivenditori. Grossista e importatore diretto B2B di gioielli in pietre naturali\" \/>\n<meta name=\"robots\" content=\"index, follow, max-snippet:-1, max-image-preview:large, max-video-preview:-1\" \/>\n<link rel=\"canonical\" href=\"https:\/\/www.voganto.it\/cat\/prodotto\/anello-argento-pietra-di-luna-925-allingrosso\/\" \/>\n<meta property=\"og:locale\" content=\"it_IT\" \/>\n<meta property=\"og:type\" content=\"article\" \/>\n<meta property=\"og:title\" content=\"Anello in argento 925 con Pietra di luna\" \/>\n<meta property=\"og:description\" content=\"Anello con Pietra di luna in argento 925. Vendita all\u2019ingrosso riservata ai rivenditori. Grossista e importatore diretto B2B di gioielli in pietre naturali\" \/>\n<meta property=\"og:url\" content=\"https:\/\/www.voganto.it\/cat\/prodotto\/anello-argento-pietra-di-luna-925-allingrosso\/\" \/>\n<meta property=\"og:site_name\" content=\"Voganto\" \/>\n<meta property=\"article:publisher\" content=\"https:\/\/www.facebook.com\/voganto\/?locale=it_IT\" \/>\n<meta property=\"article:modified_time\" content=\"2025-04-15T15:07:48+00:00\" \/>\n<meta property=\"og:image\" content=\"https:\/\/www.voganto.it\/cat\/wp-content\/uploads\/2025\/04\/Anello-in-argento-925-con-Pietra-di-luna.jpg\" \/>\n\t<meta property=\"og:image:width\" content=\"1024\" \/>\n\t<meta property=\"og:image:height\" content=\"1536\" \/>\n\t<meta property=\"og:image:type\" content=\"image\/jpeg\" \/>\n<meta name=\"twitter:card\" content=\"summary_large_image\" \/>\n<meta name=\"twitter:label1\" content=\"Tempo di lettura stimato\" \/>\n\t<meta name=\"twitter:data1\" content=\"5 minuti\" \/>\n<script type=\"application\/ld+json\" class=\"yoast-schema-graph\">{\"@context\":\"https:\/\/schema.org\",\"@graph\":[{\"@type\":\"WebPage\",\"@id\":\"https:\/\/www.voganto.it\/cat\/prodotto\/anello-argento-pietra-di-luna-925-allingrosso\/\",\"url\":\"https:\/\/www.voganto.it\/cat\/prodotto\/anello-argento-pietra-di-luna-925-allingrosso\/\",\"name\":\"Anello argento Pietra di luna 925- ALL'INGROSSO\",\"isPartOf\":{\"@id\":\"https:\/\/www.voganto.it\/cat\/#website\"},\"primaryImageOfPage\":{\"@id\":\"https:\/\/www.voganto.it\/cat\/prodotto\/anello-argento-pietra-di-luna-925-allingrosso\/#primaryimage\"},\"image\":{\"@id\":\"https:\/\/www.voganto.it\/cat\/prodotto\/anello-argento-pietra-di-luna-925-allingrosso\/#primaryimage\"},\"thumbnailUrl\":\"https:\/\/www.voganto.it\/cat\/wp-content\/uploads\/2025\/04\/Anello-in-argento-925-con-Pietra-di-luna.jpg\",\"datePublished\":\"2025-04-15T13:55:30+00:00\",\"dateModified\":\"2025-04-15T15:07:48+00:00\",\"description\":\"Anello con Pietra di luna in argento 925. Vendita all\u2019ingrosso riservata ai rivenditori. Grossista e importatore diretto B2B di gioielli in pietre naturali\",\"breadcrumb\":{\"@id\":\"https:\/\/www.voganto.it\/cat\/prodotto\/anello-argento-pietra-di-luna-925-allingrosso\/#breadcrumb\"},\"inLanguage\":\"it-IT\",\"potentialAction\":[{\"@type\":\"ReadAction\",\"target\":[\"https:\/\/www.voganto.it\/cat\/prodotto\/anello-argento-pietra-di-luna-925-allingrosso\/\"]}]},{\"@type\":\"ImageObject\",\"inLanguage\":\"it-IT\",\"@id\":\"https:\/\/www.voganto.it\/cat\/prodotto\/anello-argento-pietra-di-luna-925-allingrosso\/#primaryimage\",\"url\":\"https:\/\/www.voganto.it\/cat\/wp-content\/uploads\/2025\/04\/Anello-in-argento-925-con-Pietra-di-luna.jpg\",\"contentUrl\":\"https:\/\/www.voganto.it\/cat\/wp-content\/uploads\/2025\/04\/Anello-in-argento-925-con-Pietra-di-luna.jpg\",\"width\":1024,\"height\":1536,\"caption\":\"Anello in argento grossista\"},{\"@type\":\"BreadcrumbList\",\"@id\":\"https:\/\/www.voganto.it\/cat\/prodotto\/anello-argento-pietra-di-luna-925-allingrosso\/#breadcrumb\",\"itemListElement\":[{\"@type\":\"ListItem\",\"position\":1,\"name\":\"Home\",\"item\":\"https:\/\/www.voganto.it\/cat\/\"},{\"@type\":\"ListItem\",\"position\":2,\"name\":\"Prodotti\",\"item\":\"https:\/\/www.voganto.it\/cat\/\"},{\"@type\":\"ListItem\",\"position\":3,\"name\":\"Anello in argento 925 con Pietra di luna\"}]},{\"@type\":\"WebSite\",\"@id\":\"https:\/\/www.voganto.it\/cat\/#website\",\"url\":\"https:\/\/www.voganto.it\/cat\/\",\"name\":\"Voganto\",\"description\":\"MON STYLE NOW\",\"publisher\":{\"@id\":\"https:\/\/www.voganto.it\/cat\/#organization\"},\"potentialAction\":[{\"@type\":\"SearchAction\",\"target\":{\"@type\":\"EntryPoint\",\"urlTemplate\":\"https:\/\/www.voganto.it\/cat\/?s={search_term_string}\"},\"query-input\":\"required name=search_term_string\"}],\"inLanguage\":\"it-IT\"},{\"@type\":\"Organization\",\"@id\":\"https:\/\/www.voganto.it\/cat\/#organization\",\"name\":\"Voganto\",\"url\":\"https:\/\/www.voganto.it\/cat\/\",\"logo\":{\"@type\":\"ImageObject\",\"inLanguage\":\"it-IT\",\"@id\":\"https:\/\/www.voganto.it\/cat\/#\/schema\/logo\/image\/\",\"url\":\"https:\/\/www.voganto.it\/cat\/wp-content\/uploads\/2018\/11\/logo-voganto.png\",\"contentUrl\":\"https:\/\/www.voganto.it\/cat\/wp-content\/uploads\/2018\/11\/logo-voganto.png\",\"width\":370,\"height\":95,\"caption\":\"Voganto\"},\"image\":{\"@id\":\"https:\/\/www.voganto.it\/cat\/#\/schema\/logo\/image\/\"},\"sameAs\":[\"https:\/\/www.facebook.com\/voganto\/?locale=it_IT\"]}]}<\/script>\n<!-- \/ Yoast SEO Premium plugin. -->","yoast_head_json":{"title":"Anello argento Pietra di luna 925- ALL'INGROSSO","description":"Anello con Pietra di luna in argento 925. Vendita all\u2019ingrosso riservata ai rivenditori. Grossista e importatore diretto B2B di gioielli in pietre naturali","robots":{"index":"index","follow":"follow","max-snippet":"max-snippet:-1","max-image-preview":"max-image-preview:large","max-video-preview":"max-video-preview:-1"},"canonical":"https:\/\/www.voganto.it\/cat\/prodotto\/anello-argento-pietra-di-luna-925-allingrosso\/","og_locale":"it_IT","og_type":"article","og_title":"Anello in argento 925 con Pietra di luna","og_description":"Anello con Pietra di luna in argento 925. Vendita all\u2019ingrosso riservata ai rivenditori. Grossista e importatore diretto B2B di gioielli in pietre naturali","og_url":"https:\/\/www.voganto.it\/cat\/prodotto\/anello-argento-pietra-di-luna-925-allingrosso\/","og_site_name":"Voganto","article_publisher":"https:\/\/www.facebook.com\/voganto\/?locale=it_IT","article_modified_time":"2025-04-15T15:07:48+00:00","og_image":[{"width":1024,"height":1536,"url":"https:\/\/www.voganto.it\/cat\/wp-content\/uploads\/2025\/04\/Anello-in-argento-925-con-Pietra-di-luna.jpg","type":"image\/jpeg"}],"twitter_card":"summary_large_image","twitter_misc":{"Tempo di lettura stimato":"5 minuti"},"schema":{"@context":"https:\/\/schema.org","@graph":[{"@type":"WebPage","@id":"https:\/\/www.voganto.it\/cat\/prodotto\/anello-argento-pietra-di-luna-925-allingrosso\/","url":"https:\/\/www.voganto.it\/cat\/prodotto\/anello-argento-pietra-di-luna-925-allingrosso\/","name":"Anello argento Pietra di luna 925- ALL'INGROSSO","isPartOf":{"@id":"https:\/\/www.voganto.it\/cat\/#website"},"primaryImageOfPage":{"@id":"https:\/\/www.voganto.it\/cat\/prodotto\/anello-argento-pietra-di-luna-925-allingrosso\/#primaryimage"},"image":{"@id":"https:\/\/www.voganto.it\/cat\/prodotto\/anello-argento-pietra-di-luna-925-allingrosso\/#primaryimage"},"thumbnailUrl":"https:\/\/www.voganto.it\/cat\/wp-content\/uploads\/2025\/04\/Anello-in-argento-925-con-Pietra-di-luna.jpg","datePublished":"2025-04-15T13:55:30+00:00","dateModified":"2025-04-15T15:07:48+00:00","description":"Anello con Pietra di luna in argento 925. Vendita all\u2019ingrosso riservata ai rivenditori. Grossista e importatore diretto B2B di gioielli in pietre naturali","breadcrumb":{"@id":"https:\/\/www.voganto.it\/cat\/prodotto\/anello-argento-pietra-di-luna-925-allingrosso\/#breadcrumb"},"inLanguage":"it-IT","potentialAction":[{"@type":"ReadAction","target":["https:\/\/www.voganto.it\/cat\/prodotto\/anello-argento-pietra-di-luna-925-allingrosso\/"]}]},{"@type":"ImageObject","inLanguage":"it-IT","@id":"https:\/\/www.voganto.it\/cat\/prodotto\/anello-argento-pietra-di-luna-925-allingrosso\/#primaryimage","url":"https:\/\/www.voganto.it\/cat\/wp-content\/uploads\/2025\/04\/Anello-in-argento-925-con-Pietra-di-luna.jpg","contentUrl":"https:\/\/www.voganto.it\/cat\/wp-content\/uploads\/2025\/04\/Anello-in-argento-925-con-Pietra-di-luna.jpg","width":1024,"height":1536,"caption":"Anello in argento grossista"},{"@type":"BreadcrumbList","@id":"https:\/\/www.voganto.it\/cat\/prodotto\/anello-argento-pietra-di-luna-925-allingrosso\/#breadcrumb","itemListElement":[{"@type":"ListItem","position":1,"name":"Home","item":"https:\/\/www.voganto.it\/cat\/"},{"@type":"ListItem","position":2,"name":"Prodotti","item":"https:\/\/www.voganto.it\/cat\/"},{"@type":"ListItem","position":3,"name":"Anello in argento 925 con Pietra di luna"}]},{"@type":"WebSite","@id":"https:\/\/www.voganto.it\/cat\/#website","url":"https:\/\/www.voganto.it\/cat\/","name":"Voganto","description":"MON STYLE NOW","publisher":{"@id":"https:\/\/www.voganto.it\/cat\/#organization"},"potentialAction":[{"@type":"SearchAction","target":{"@type":"EntryPoint","urlTemplate":"https:\/\/www.voganto.it\/cat\/?s={search_term_string}"},"query-input":"required name=search_term_string"}],"inLanguage":"it-IT"},{"@type":"Organization","@id":"https:\/\/www.voganto.it\/cat\/#organization","name":"Voganto","url":"https:\/\/www.voganto.it\/cat\/","logo":{"@type":"ImageObject","inLanguage":"it-IT","@id":"https:\/\/www.voganto.it\/cat\/#\/schema\/logo\/image\/","url":"https:\/\/www.voganto.it\/cat\/wp-content\/uploads\/2018\/11\/logo-voganto.png","contentUrl":"https:\/\/www.voganto.it\/cat\/wp-content\/uploads\/2018\/11\/logo-voganto.png","width":370,"height":95,"caption":"Voganto"},"image":{"@id":"https:\/\/www.voganto.it\/cat\/#\/schema\/logo\/image\/"},"sameAs":["https:\/\/www.facebook.com\/voganto\/?locale=it_IT"]}]}},"_links":{"self":[{"href":"https:\/\/www.voganto.it\/cat\/wp-json\/wp\/v2\/product\/13677"}],"collection":[{"href":"https:\/\/www.voganto.it\/cat\/wp-json\/wp\/v2\/product"}],"about":[{"href":"https:\/\/www.voganto.it\/cat\/wp-json\/wp\/v2\/types\/product"}],"wp:featuredmedia":[{"embeddable":true,"href":"https:\/\/www.voganto.it\/cat\/wp-json\/wp\/v2\/media\/13678"}],"wp:attachment":[{"href":"https:\/\/www.voganto.it\/cat\/wp-json\/wp\/v2\/media?parent=13677"}],"wp:term":[{"taxonomy":"product_cat","embeddable":true,"href":"https:\/\/www.voganto.it\/cat\/wp-json\/wp\/v2\/product_cat?post=13677"},{"taxonomy":"product_tag","embeddable":true,"href":"https:\/\/www.voganto.it\/cat\/wp-json\/wp\/v2\/product_tag?post=13677"}],"curies":[{"name":"wp","href":"https:\/\/api.w.org\/{rel}","templated":true}]}}