{"id":13773,"date":"2025-07-04T14:35:45","date_gmt":"2025-07-04T12:35:45","guid":{"rendered":"https:\/\/www.voganto.it\/cat\/?post_type=product&#038;p=13773"},"modified":"2025-07-04T15:39:17","modified_gmt":"2025-07-04T13:39:17","slug":"ciondolo-cuore-occhio-di-tigre-grossista-ciondoli-in-pietra-naturale","status":"publish","type":"product","link":"https:\/\/www.voganto.it\/cat\/prodotto\/ciondolo-cuore-occhio-di-tigre-grossista-ciondoli-in-pietra-naturale\/","title":{"rendered":"Ciondolo cuore Occhio di Tigre albero della vita  cm h3,5X2,5X0,5 con catenina in acciaio e scatola"},"content":{"rendered":"[et_pb_section fb_built=&#8221;1&#8243; _builder_version=&#8221;4.16&#8243; custom_padding=&#8221;0px||54px||false|false&#8221; global_colors_info=&#8221;{}&#8221;][et_pb_row _builder_version=&#8221;4.16&#8243; background_size=&#8221;initial&#8221; background_position=&#8221;top_left&#8221; background_repeat=&#8221;repeat&#8221; width=&#8221;100%&#8221; custom_padding=&#8221;0px||0px||false|false&#8221; global_colors_info=&#8221;{}&#8221;][et_pb_column type=&#8221;4_4&#8243; _builder_version=&#8221;4.16&#8243; custom_padding=&#8221;|||&#8221; global_colors_info=&#8221;{}&#8221; custom_padding__hover=&#8221;|||&#8221;][et_pb_wc_breadcrumb _builder_version=&#8221;4.16&#8243; global_colors_info=&#8221;{}&#8221;][\/et_pb_wc_breadcrumb][et_pb_wc_cart_notice _builder_version=&#8221;4.16&#8243; global_colors_info=&#8221;{}&#8221;][\/et_pb_wc_cart_notice][\/et_pb_column][\/et_pb_row][et_pb_row column_structure=&#8221;1_2,1_2&#8243; _builder_version=&#8221;4.16&#8243; background_size=&#8221;initial&#8221; background_position=&#8221;top_left&#8221; background_repeat=&#8221;repeat&#8221; width=&#8221;100%&#8221; custom_padding=&#8221;0px||||false|false&#8221; global_colors_info=&#8221;{}&#8221;][et_pb_column type=&#8221;1_2&#8243; _builder_version=&#8221;4.16&#8243; custom_padding=&#8221;|||&#8221; global_colors_info=&#8221;{}&#8221; custom_padding__hover=&#8221;|||&#8221;][et_pb_wc_images _builder_version=&#8221;4.16&#8243; global_colors_info=&#8221;{}&#8221;][\/et_pb_wc_images][\/et_pb_column][et_pb_column type=&#8221;1_2&#8243; _builder_version=&#8221;4.16&#8243; custom_padding=&#8221;|||&#8221; global_colors_info=&#8221;{}&#8221; custom_padding__hover=&#8221;|||&#8221;][et_pb_wc_title _builder_version=&#8221;4.16&#8243; global_colors_info=&#8221;{}&#8221;][\/et_pb_wc_title][et_pb_wc_rating _builder_version=&#8221;4.16&#8243; global_colors_info=&#8221;{}&#8221;][\/et_pb_wc_rating][et_pb_wc_price _builder_version=&#8221;4.16&#8243; global_colors_info=&#8221;{}&#8221;][\/et_pb_wc_price][et_pb_wc_description _builder_version=&#8221;4.16&#8243; global_colors_info=&#8221;{}&#8221;][\/et_pb_wc_description][et_pb_wc_add_to_cart _builder_version=&#8221;4.16&#8243; global_colors_info=&#8221;{}&#8221;][\/et_pb_wc_add_to_cart][et_pb_wc_meta _builder_version=&#8221;4.16&#8243; global_colors_info=&#8221;{}&#8221;][\/et_pb_wc_meta][\/et_pb_column][\/et_pb_row][et_pb_row _builder_version=&#8221;4.16&#8243; background_size=&#8221;initial&#8221; background_position=&#8221;top_left&#8221; background_repeat=&#8221;repeat&#8221; width=&#8221;100%&#8221; global_colors_info=&#8221;{}&#8221;][et_pb_column type=&#8221;4_4&#8243; _builder_version=&#8221;4.16&#8243; custom_padding=&#8221;|||&#8221; global_colors_info=&#8221;{}&#8221; custom_padding__hover=&#8221;|||&#8221;][et_pb_wc_tabs _builder_version=&#8221;4.16&#8243; global_colors_info=&#8221;{}&#8221;]\t\t\t\t\t[\/et_pb_wc_tabs][et_pb_wc_upsells _builder_version=&#8221;4.16&#8243; global_colors_info=&#8221;{}&#8221;][\/et_pb_wc_upsells][et_pb_wc_related_products _builder_version=&#8221;4.16&#8243; global_colors_info=&#8221;{}&#8221;][\/et_pb_wc_related_products][\/et_pb_column][\/et_pb_row][\/et_pb_section]\n","protected":false},"excerpt":{"rendered":"<p>Ciondolo cuore Occhio di Tigre albero della vita cm h3,5X2,5X0,5 con catenina in acciaio e scatola<\/p>\n<p>Ciondolo cuore Occhio di Tigre\u00a0con Albero della Vita, completo di <strong data-start=\"1026\" data-end=\"1049\">catenina in acciaio<\/strong> e <strong data-start=\"1052\" data-end=\"1072\">scatola elegante<\/strong>. Questo gioiello racchiude forza, protezione e armonia. Ideale per negozi spirituali e rivenditori. Siamo <strong data-start=\"1179\" data-end=\"1202\">importatori diretti<\/strong> e operiamo nella <strong data-start=\"1220\" data-end=\"1248\">vendita all\u2019ingrosso B2B<\/strong> di <strong data-start=\"1252\" data-end=\"1283\">ciondoli in pietra naturale<\/strong>.<\/p>\n<p>&nbsp;<\/p>\n<p>&nbsp;<\/p>\n","protected":false},"featured_media":13774,"template":"","meta":{"_et_pb_use_builder":"on","_et_pb_old_content":"Ciondolo cuore Occhio di Tigre albero della vita cm h3,5X2,5X0,5 con catenina in acciaio e scatola\r\n\r\n<strong data-start=\"1349\" data-end=\"1423\">Ciondolo cuore Occhio di Tigre - Grossista ciondoli in pietra naturale<\/strong> \u00e8 una proposta raffinata per i negozianti alla ricerca di gioielli simbolici e di qualit\u00e0. L\u2019<strong data-start=\"1517\" data-end=\"1536\">Occhio di Tigre<\/strong> \u00e8 una pietra protettiva, che stimola coraggio, sicurezza e determinazione. Il simbolo dell\u2019<strong data-start=\"1628\" data-end=\"1649\">Albero della Vita<\/strong>, intagliato nella montatura metallica, rappresenta radici, crescita e connessione con l\u2019universo. Il ciondolo viene fornito con <strong data-start=\"1778\" data-end=\"1801\">catenina in acciaio<\/strong> e <strong data-start=\"1804\" data-end=\"1825\">confezione regalo<\/strong>, pronto per la rivendita. Prodotto pensato per chi opera nel settore B2B. Siamo <strong data-start=\"1906\" data-end=\"1941\">grossisti e importatori diretti<\/strong> di articoli spirituali, con una vasta gamma di <strong data-start=\"1989\" data-end=\"2020\">ciondoli in pietra naturale<\/strong> disponibili <strong data-start=\"2033\" data-end=\"2054\">solo all\u2019ingrosso<\/strong>.\r\n<h3 data-start=\"165\" data-end=\"206\"><strong data-start=\"172\" data-end=\"206\">Propriet\u00e0 dell\u2019Occhio di Tigre<\/strong><\/h3>\r\n<p data-start=\"208\" data-end=\"494\">L\u2019<strong data-start=\"210\" data-end=\"229\">Occhio di Tigre<\/strong> \u00e8 una pietra naturale dalle tonalit\u00e0 calde e cangianti, che va dal giallo dorato al marrone intenso. \u00c8 conosciuta da secoli per le sue potenti qualit\u00e0 <strong data-start=\"381\" data-end=\"395\">protettive<\/strong> e <strong data-start=\"398\" data-end=\"412\">stimolanti<\/strong>, e viene utilizzata in cristalloterapia e nel mondo spirituale per diversi scopi.<\/p>\r\n\r\n<h4 data-start=\"496\" data-end=\"524\">\u2728 Propriet\u00e0 principali:<\/h4>\r\n<ul data-start=\"525\" data-end=\"1203\">\r\n \t<li data-start=\"525\" data-end=\"654\">\r\n<p data-start=\"527\" data-end=\"654\"><strong data-start=\"527\" data-end=\"541\">Protezione<\/strong>: agisce come uno scudo contro le energie negative, proteggendo chi la indossa da influenze esterne indesiderate.<\/p>\r\n<\/li>\r\n \t<li data-start=\"655\" data-end=\"805\">\r\n<p data-start=\"657\" data-end=\"805\"><strong data-start=\"657\" data-end=\"681\">Autostima e coraggio<\/strong>: rafforza la fiducia in s\u00e9 stessi, l\u2019autodeterminazione e la forza interiore, aiutando ad affrontare le sfide con lucidit\u00e0.<\/p>\r\n<\/li>\r\n \t<li data-start=\"806\" data-end=\"938\">\r\n<p data-start=\"808\" data-end=\"938\"><strong data-start=\"808\" data-end=\"830\">Equilibrio mentale<\/strong>: aiuta a trovare l\u2019equilibrio tra emozioni e ragione, donando chiarezza nei momenti di confusione o stress.<\/p>\r\n<\/li>\r\n \t<li data-start=\"939\" data-end=\"1091\">\r\n<p data-start=\"941\" data-end=\"1091\"><strong data-start=\"941\" data-end=\"968\">Attrazione del successo<\/strong>: \u00e8 considerata una pietra portafortuna per chi vuole attirare prosperit\u00e0, realizzazione personale e successo nei progetti.<\/p>\r\n<\/li>\r\n \t<li data-start=\"1092\" data-end=\"1203\">\r\n<p data-start=\"1094\" data-end=\"1203\"><strong data-start=\"1094\" data-end=\"1109\">Radicamento<\/strong>: collega l\u2019energia spirituale con quella terrena, favorendo la concentrazione e la stabilit\u00e0.<\/p>\r\n<\/li>\r\n<\/ul>\r\n&nbsp;","_et_gb_content_width":""},"product_cat":[518],"product_tag":[520,519],"yoast_head":"<!-- This site is optimized with the Yoast SEO Premium plugin v22.8 (Yoast SEO v22.8) - https:\/\/yoast.com\/wordpress\/plugins\/seo\/ -->\n<title>Ciondolo cuore Occhio di Tigre- Grossista ciondoli in pietra naturale<\/title>\n<meta name=\"description\" content=\"Ciondolo cuore Occhio di Tigre con Albero della Vita. Importatore e grossista di ciondoli in pietra naturale. Solo vendita all\u2019ingrosso B2B.\" \/>\n<meta name=\"robots\" content=\"index, follow, max-snippet:-1, max-image-preview:large, max-video-preview:-1\" \/>\n<link rel=\"canonical\" href=\"https:\/\/www.voganto.it\/cat\/prodotto\/ciondolo-cuore-occhio-di-tigre-grossista-ciondoli-in-pietra-naturale\/\" \/>\n<meta property=\"og:locale\" content=\"it_IT\" \/>\n<meta property=\"og:type\" content=\"article\" \/>\n<meta property=\"og:title\" content=\"Ciondolo cuore Occhio di Tigre albero della vita cm h3,5X2,5X0,5 con catenina in acciaio e scatola\" \/>\n<meta property=\"og:description\" content=\"Ciondolo cuore Occhio di Tigre con Albero della Vita. Importatore e grossista di ciondoli in pietra naturale. Solo vendita all\u2019ingrosso B2B.\" \/>\n<meta property=\"og:url\" content=\"https:\/\/www.voganto.it\/cat\/prodotto\/ciondolo-cuore-occhio-di-tigre-grossista-ciondoli-in-pietra-naturale\/\" \/>\n<meta property=\"og:site_name\" content=\"Voganto\" \/>\n<meta property=\"article:publisher\" content=\"https:\/\/www.facebook.com\/voganto\/?locale=it_IT\" \/>\n<meta property=\"article:modified_time\" content=\"2025-07-04T13:39:17+00:00\" \/>\n<meta property=\"og:image\" content=\"https:\/\/www.voganto.it\/cat\/wp-content\/uploads\/2025\/07\/Ciondolo-cuore-Occhio-di-Tigre.jpg\" \/>\n\t<meta property=\"og:image:width\" content=\"1024\" \/>\n\t<meta property=\"og:image:height\" content=\"1024\" \/>\n\t<meta property=\"og:image:type\" content=\"image\/jpeg\" \/>\n<meta name=\"twitter:card\" content=\"summary_large_image\" \/>\n<meta name=\"twitter:label1\" content=\"Tempo di lettura stimato\" \/>\n\t<meta name=\"twitter:data1\" content=\"3 minuti\" \/>\n<script type=\"application\/ld+json\" class=\"yoast-schema-graph\">{\"@context\":\"https:\/\/schema.org\",\"@graph\":[{\"@type\":\"WebPage\",\"@id\":\"https:\/\/www.voganto.it\/cat\/prodotto\/ciondolo-cuore-occhio-di-tigre-grossista-ciondoli-in-pietra-naturale\/\",\"url\":\"https:\/\/www.voganto.it\/cat\/prodotto\/ciondolo-cuore-occhio-di-tigre-grossista-ciondoli-in-pietra-naturale\/\",\"name\":\"Ciondolo cuore Occhio di Tigre- Grossista ciondoli in pietra naturale\",\"isPartOf\":{\"@id\":\"https:\/\/www.voganto.it\/cat\/#website\"},\"primaryImageOfPage\":{\"@id\":\"https:\/\/www.voganto.it\/cat\/prodotto\/ciondolo-cuore-occhio-di-tigre-grossista-ciondoli-in-pietra-naturale\/#primaryimage\"},\"image\":{\"@id\":\"https:\/\/www.voganto.it\/cat\/prodotto\/ciondolo-cuore-occhio-di-tigre-grossista-ciondoli-in-pietra-naturale\/#primaryimage\"},\"thumbnailUrl\":\"https:\/\/www.voganto.it\/cat\/wp-content\/uploads\/2025\/07\/Ciondolo-cuore-Occhio-di-Tigre.jpg\",\"datePublished\":\"2025-07-04T12:35:45+00:00\",\"dateModified\":\"2025-07-04T13:39:17+00:00\",\"description\":\"Ciondolo cuore Occhio di Tigre con Albero della Vita. Importatore e grossista di ciondoli in pietra naturale. Solo vendita all\u2019ingrosso B2B.\",\"breadcrumb\":{\"@id\":\"https:\/\/www.voganto.it\/cat\/prodotto\/ciondolo-cuore-occhio-di-tigre-grossista-ciondoli-in-pietra-naturale\/#breadcrumb\"},\"inLanguage\":\"it-IT\",\"potentialAction\":[{\"@type\":\"ReadAction\",\"target\":[\"https:\/\/www.voganto.it\/cat\/prodotto\/ciondolo-cuore-occhio-di-tigre-grossista-ciondoli-in-pietra-naturale\/\"]}]},{\"@type\":\"ImageObject\",\"inLanguage\":\"it-IT\",\"@id\":\"https:\/\/www.voganto.it\/cat\/prodotto\/ciondolo-cuore-occhio-di-tigre-grossista-ciondoli-in-pietra-naturale\/#primaryimage\",\"url\":\"https:\/\/www.voganto.it\/cat\/wp-content\/uploads\/2025\/07\/Ciondolo-cuore-Occhio-di-Tigre.jpg\",\"contentUrl\":\"https:\/\/www.voganto.it\/cat\/wp-content\/uploads\/2025\/07\/Ciondolo-cuore-Occhio-di-Tigre.jpg\",\"width\":1024,\"height\":1024,\"caption\":\"Ciondolo-cuore-Occhio-di-Tigre.\"},{\"@type\":\"BreadcrumbList\",\"@id\":\"https:\/\/www.voganto.it\/cat\/prodotto\/ciondolo-cuore-occhio-di-tigre-grossista-ciondoli-in-pietra-naturale\/#breadcrumb\",\"itemListElement\":[{\"@type\":\"ListItem\",\"position\":1,\"name\":\"Home\",\"item\":\"https:\/\/www.voganto.it\/cat\/\"},{\"@type\":\"ListItem\",\"position\":2,\"name\":\"Prodotti\",\"item\":\"https:\/\/www.voganto.it\/cat\/\"},{\"@type\":\"ListItem\",\"position\":3,\"name\":\"Ciondolo cuore Occhio di Tigre albero della vita cm h3,5X2,5X0,5 con catenina in acciaio e scatola\"}]},{\"@type\":\"WebSite\",\"@id\":\"https:\/\/www.voganto.it\/cat\/#website\",\"url\":\"https:\/\/www.voganto.it\/cat\/\",\"name\":\"Voganto\",\"description\":\"MON STYLE NOW\",\"publisher\":{\"@id\":\"https:\/\/www.voganto.it\/cat\/#organization\"},\"potentialAction\":[{\"@type\":\"SearchAction\",\"target\":{\"@type\":\"EntryPoint\",\"urlTemplate\":\"https:\/\/www.voganto.it\/cat\/?s={search_term_string}\"},\"query-input\":\"required name=search_term_string\"}],\"inLanguage\":\"it-IT\"},{\"@type\":\"Organization\",\"@id\":\"https:\/\/www.voganto.it\/cat\/#organization\",\"name\":\"Voganto\",\"url\":\"https:\/\/www.voganto.it\/cat\/\",\"logo\":{\"@type\":\"ImageObject\",\"inLanguage\":\"it-IT\",\"@id\":\"https:\/\/www.voganto.it\/cat\/#\/schema\/logo\/image\/\",\"url\":\"https:\/\/www.voganto.it\/cat\/wp-content\/uploads\/2018\/11\/logo-voganto.png\",\"contentUrl\":\"https:\/\/www.voganto.it\/cat\/wp-content\/uploads\/2018\/11\/logo-voganto.png\",\"width\":370,\"height\":95,\"caption\":\"Voganto\"},\"image\":{\"@id\":\"https:\/\/www.voganto.it\/cat\/#\/schema\/logo\/image\/\"},\"sameAs\":[\"https:\/\/www.facebook.com\/voganto\/?locale=it_IT\"]}]}<\/script>\n<!-- \/ Yoast SEO Premium plugin. -->","yoast_head_json":{"title":"Ciondolo cuore Occhio di Tigre- Grossista ciondoli in pietra naturale","description":"Ciondolo cuore Occhio di Tigre con Albero della Vita. Importatore e grossista di ciondoli in pietra naturale. Solo vendita all\u2019ingrosso B2B.","robots":{"index":"index","follow":"follow","max-snippet":"max-snippet:-1","max-image-preview":"max-image-preview:large","max-video-preview":"max-video-preview:-1"},"canonical":"https:\/\/www.voganto.it\/cat\/prodotto\/ciondolo-cuore-occhio-di-tigre-grossista-ciondoli-in-pietra-naturale\/","og_locale":"it_IT","og_type":"article","og_title":"Ciondolo cuore Occhio di Tigre albero della vita cm h3,5X2,5X0,5 con catenina in acciaio e scatola","og_description":"Ciondolo cuore Occhio di Tigre con Albero della Vita. Importatore e grossista di ciondoli in pietra naturale. Solo vendita all\u2019ingrosso B2B.","og_url":"https:\/\/www.voganto.it\/cat\/prodotto\/ciondolo-cuore-occhio-di-tigre-grossista-ciondoli-in-pietra-naturale\/","og_site_name":"Voganto","article_publisher":"https:\/\/www.facebook.com\/voganto\/?locale=it_IT","article_modified_time":"2025-07-04T13:39:17+00:00","og_image":[{"width":1024,"height":1024,"url":"https:\/\/www.voganto.it\/cat\/wp-content\/uploads\/2025\/07\/Ciondolo-cuore-Occhio-di-Tigre.jpg","type":"image\/jpeg"}],"twitter_card":"summary_large_image","twitter_misc":{"Tempo di lettura stimato":"3 minuti"},"schema":{"@context":"https:\/\/schema.org","@graph":[{"@type":"WebPage","@id":"https:\/\/www.voganto.it\/cat\/prodotto\/ciondolo-cuore-occhio-di-tigre-grossista-ciondoli-in-pietra-naturale\/","url":"https:\/\/www.voganto.it\/cat\/prodotto\/ciondolo-cuore-occhio-di-tigre-grossista-ciondoli-in-pietra-naturale\/","name":"Ciondolo cuore Occhio di Tigre- Grossista ciondoli in pietra naturale","isPartOf":{"@id":"https:\/\/www.voganto.it\/cat\/#website"},"primaryImageOfPage":{"@id":"https:\/\/www.voganto.it\/cat\/prodotto\/ciondolo-cuore-occhio-di-tigre-grossista-ciondoli-in-pietra-naturale\/#primaryimage"},"image":{"@id":"https:\/\/www.voganto.it\/cat\/prodotto\/ciondolo-cuore-occhio-di-tigre-grossista-ciondoli-in-pietra-naturale\/#primaryimage"},"thumbnailUrl":"https:\/\/www.voganto.it\/cat\/wp-content\/uploads\/2025\/07\/Ciondolo-cuore-Occhio-di-Tigre.jpg","datePublished":"2025-07-04T12:35:45+00:00","dateModified":"2025-07-04T13:39:17+00:00","description":"Ciondolo cuore Occhio di Tigre con Albero della Vita. Importatore e grossista di ciondoli in pietra naturale. Solo vendita all\u2019ingrosso B2B.","breadcrumb":{"@id":"https:\/\/www.voganto.it\/cat\/prodotto\/ciondolo-cuore-occhio-di-tigre-grossista-ciondoli-in-pietra-naturale\/#breadcrumb"},"inLanguage":"it-IT","potentialAction":[{"@type":"ReadAction","target":["https:\/\/www.voganto.it\/cat\/prodotto\/ciondolo-cuore-occhio-di-tigre-grossista-ciondoli-in-pietra-naturale\/"]}]},{"@type":"ImageObject","inLanguage":"it-IT","@id":"https:\/\/www.voganto.it\/cat\/prodotto\/ciondolo-cuore-occhio-di-tigre-grossista-ciondoli-in-pietra-naturale\/#primaryimage","url":"https:\/\/www.voganto.it\/cat\/wp-content\/uploads\/2025\/07\/Ciondolo-cuore-Occhio-di-Tigre.jpg","contentUrl":"https:\/\/www.voganto.it\/cat\/wp-content\/uploads\/2025\/07\/Ciondolo-cuore-Occhio-di-Tigre.jpg","width":1024,"height":1024,"caption":"Ciondolo-cuore-Occhio-di-Tigre."},{"@type":"BreadcrumbList","@id":"https:\/\/www.voganto.it\/cat\/prodotto\/ciondolo-cuore-occhio-di-tigre-grossista-ciondoli-in-pietra-naturale\/#breadcrumb","itemListElement":[{"@type":"ListItem","position":1,"name":"Home","item":"https:\/\/www.voganto.it\/cat\/"},{"@type":"ListItem","position":2,"name":"Prodotti","item":"https:\/\/www.voganto.it\/cat\/"},{"@type":"ListItem","position":3,"name":"Ciondolo cuore Occhio di Tigre albero della vita cm h3,5X2,5X0,5 con catenina in acciaio e scatola"}]},{"@type":"WebSite","@id":"https:\/\/www.voganto.it\/cat\/#website","url":"https:\/\/www.voganto.it\/cat\/","name":"Voganto","description":"MON STYLE NOW","publisher":{"@id":"https:\/\/www.voganto.it\/cat\/#organization"},"potentialAction":[{"@type":"SearchAction","target":{"@type":"EntryPoint","urlTemplate":"https:\/\/www.voganto.it\/cat\/?s={search_term_string}"},"query-input":"required name=search_term_string"}],"inLanguage":"it-IT"},{"@type":"Organization","@id":"https:\/\/www.voganto.it\/cat\/#organization","name":"Voganto","url":"https:\/\/www.voganto.it\/cat\/","logo":{"@type":"ImageObject","inLanguage":"it-IT","@id":"https:\/\/www.voganto.it\/cat\/#\/schema\/logo\/image\/","url":"https:\/\/www.voganto.it\/cat\/wp-content\/uploads\/2018\/11\/logo-voganto.png","contentUrl":"https:\/\/www.voganto.it\/cat\/wp-content\/uploads\/2018\/11\/logo-voganto.png","width":370,"height":95,"caption":"Voganto"},"image":{"@id":"https:\/\/www.voganto.it\/cat\/#\/schema\/logo\/image\/"},"sameAs":["https:\/\/www.facebook.com\/voganto\/?locale=it_IT"]}]}},"_links":{"self":[{"href":"https:\/\/www.voganto.it\/cat\/wp-json\/wp\/v2\/product\/13773"}],"collection":[{"href":"https:\/\/www.voganto.it\/cat\/wp-json\/wp\/v2\/product"}],"about":[{"href":"https:\/\/www.voganto.it\/cat\/wp-json\/wp\/v2\/types\/product"}],"wp:featuredmedia":[{"embeddable":true,"href":"https:\/\/www.voganto.it\/cat\/wp-json\/wp\/v2\/media\/13774"}],"wp:attachment":[{"href":"https:\/\/www.voganto.it\/cat\/wp-json\/wp\/v2\/media?parent=13773"}],"wp:term":[{"taxonomy":"product_cat","embeddable":true,"href":"https:\/\/www.voganto.it\/cat\/wp-json\/wp\/v2\/product_cat?post=13773"},{"taxonomy":"product_tag","embeddable":true,"href":"https:\/\/www.voganto.it\/cat\/wp-json\/wp\/v2\/product_tag?post=13773"}],"curies":[{"name":"wp","href":"https:\/\/api.w.org\/{rel}","templated":true}]}}