{"id":6617,"date":"2022-03-18T16:28:19","date_gmt":"2022-03-18T15:28:19","guid":{"rendered":"https:\/\/www.voganto.it\/cat\/?post_type=product&#038;p=6617"},"modified":"2022-03-18T17:13:53","modified_gmt":"2022-03-18T16:13:53","slug":"salvia-bianca-californiana-smudge-cm-10","status":"publish","type":"product","link":"https:\/\/www.voganto.it\/cat\/prodotto\/salvia-bianca-californiana-smudge-cm-10\/","title":{"rendered":"Salvia bianca californiana smudge cm 10"},"content":{"rendered":"[et_pb_section fb_built=&#8221;1&#8243; _builder_version=&#8221;3.22&#8243; custom_padding=&#8221;0px||||false|false&#8221; global_colors_info=&#8221;{}&#8221;][et_pb_row _builder_version=&#8221;3.25&#8243; background_size=&#8221;initial&#8221; background_position=&#8221;top_left&#8221; background_repeat=&#8221;repeat&#8221; width=&#8221;100%&#8221; custom_padding=&#8221;0px||0px||false|false&#8221; global_colors_info=&#8221;{}&#8221;][et_pb_column type=&#8221;4_4&#8243; _builder_version=&#8221;3.25&#8243; custom_padding=&#8221;|||&#8221; global_colors_info=&#8221;{}&#8221; custom_padding__hover=&#8221;|||&#8221;][et_pb_wc_breadcrumb _builder_version=&#8221;3.0.47&#8243; global_colors_info=&#8221;{}&#8221;][\/et_pb_wc_breadcrumb][et_pb_wc_cart_notice _builder_version=&#8221;4.14.7&#8243; global_colors_info=&#8221;{}&#8221;][\/et_pb_wc_cart_notice][\/et_pb_column][\/et_pb_row][et_pb_row column_structure=&#8221;1_2,1_2&#8243; _builder_version=&#8221;3.25&#8243; background_size=&#8221;initial&#8221; background_position=&#8221;top_left&#8221; background_repeat=&#8221;repeat&#8221; width=&#8221;100%&#8221; custom_padding=&#8221;0px||||false|false&#8221; global_colors_info=&#8221;{}&#8221;][et_pb_column type=&#8221;1_2&#8243; _builder_version=&#8221;3.25&#8243; custom_padding=&#8221;|||&#8221; global_colors_info=&#8221;{}&#8221; custom_padding__hover=&#8221;|||&#8221;][et_pb_wc_images _builder_version=&#8221;3.0.47&#8243; global_colors_info=&#8221;{}&#8221;][\/et_pb_wc_images][\/et_pb_column][et_pb_column type=&#8221;1_2&#8243; _builder_version=&#8221;3.25&#8243; custom_padding=&#8221;|||&#8221; global_colors_info=&#8221;{}&#8221; custom_padding__hover=&#8221;|||&#8221;][et_pb_wc_title _builder_version=&#8221;4.14.7&#8243; global_colors_info=&#8221;{}&#8221;][\/et_pb_wc_title][et_pb_wc_rating _builder_version=&#8221;3.0.47&#8243; global_colors_info=&#8221;{}&#8221;][\/et_pb_wc_rating][et_pb_wc_price _builder_version=&#8221;3.0.47&#8243; global_colors_info=&#8221;{}&#8221;][\/et_pb_wc_price][et_pb_wc_description _builder_version=&#8221;3.0.47&#8243; global_colors_info=&#8221;{}&#8221;][\/et_pb_wc_description][et_pb_wc_add_to_cart global_colors_info=&#8221;{}&#8221;][\/et_pb_wc_add_to_cart][et_pb_wc_meta _builder_version=&#8221;4.14.7&#8243; global_colors_info=&#8221;{}&#8221;][\/et_pb_wc_meta][\/et_pb_column][\/et_pb_row][et_pb_row _builder_version=&#8221;3.25&#8243; background_size=&#8221;initial&#8221; background_position=&#8221;top_left&#8221; background_repeat=&#8221;repeat&#8221; width=&#8221;100%&#8221; global_colors_info=&#8221;{}&#8221;][et_pb_column type=&#8221;4_4&#8243; _builder_version=&#8221;3.25&#8243; custom_padding=&#8221;|||&#8221; global_colors_info=&#8221;{}&#8221; custom_padding__hover=&#8221;|||&#8221;][et_pb_wc_tabs _builder_version=&#8221;4.14.7&#8243; global_colors_info=&#8221;{}&#8221;] [\/et_pb_wc_tabs][et_pb_wc_upsells _builder_version=&#8221;3.0.47&#8243; global_colors_info=&#8221;{}&#8221;][\/et_pb_wc_upsells][et_pb_wc_related_products _builder_version=&#8221;3.0.47&#8243; global_colors_info=&#8221;{}&#8221;][\/et_pb_wc_related_products][\/et_pb_column][\/et_pb_row][\/et_pb_section]\n","protected":false},"excerpt":{"rendered":"<p>Salvia bianca californiana smudge<br \/>\nLa Salvia Bianca \u00e8 stata usata per millenni dai nativi americani e lo \u00e8 tuttora in quanto permette di<br \/>\npurificarsi dalle energie negative, purificando anche ambienti ed oggetti, proteggersi dalla<br \/>\nnegativit\u00e0, aprire la mente e renderla quieta.Salvia bianca californiana smudge cm 10<br \/>\ngli Smudge di Salvia Bianca \u00e8 stata usata per millenni dai nativi americani e lo \u00e8 tuttora in quanto permette di<br \/>\npurificarsi dalle energie negative, purificando anche ambienti ed oggetti, proteggersi dalla<br \/>\nnegativit\u00e0, aprire la mente e renderla quieta.<\/p>\n<p>&nbsp;<\/p>\n<p>&nbsp;<\/p>\n<p>&nbsp;<\/p>\n<p>&nbsp;<\/p>\n<p><span class=\"ILfuVd\"><span class=\"hgKElc\">\u00a0<\/span><\/span><\/p>\n<p>&nbsp;<\/p>\n<p>&nbsp;<\/p>\n<p>&nbsp;<\/p>\n<p>&nbsp;<\/p>\n","protected":false},"featured_media":6618,"template":"","meta":{"_et_pb_use_builder":"on","_et_pb_old_content":"&nbsp;\r\n\r\nLa Salvia Bianca \u00e8 stata usata per millenni dai nativi americani e lo \u00e8 tuttora in quanto permette di\r\npurificarsi dalle energie negative, purificando anche ambienti ed oggetti, proteggersi dalla\r\nnegativit\u00e0, aprire la mente e renderla quieta.\r\nSecondo gli sciamani infatti la Salvia Bianca libera gli spazi da qualsiasi spirito maligno o energie\r\nnegative che potrebbero esservi presenti. Questo potere \u00e8 rilasciato dalla pianta bruciandone le\r\nfoglie, che sono tipicamente raggruppate sotto forma di bacchette o bastoncini. Ancora oggi molti\r\nnativi americani, e non solo, ne usano i gambi e le foglie durante le cerimonie di purificazione e\r\nper attirare la prosperit\u00e0.\r\nPer la purificazione dell\u2019energia si prende uno smudge (l\u2019intreccio di foglie) di Salvia Bianca e lo si\r\naccende. Si deve soffiare sullo smudge fino a che non comincia a rilasciare il suo fumo purificatore.\r\nSi deve passare lungo tutto il corpo partendo dal basso verso l\u2019alto. Se si possiede una piuma (di\r\nqualunque volatile purch\u00e9 non sintetica, e meglio ancora se raccolta da terra piuttosto che\r\nstrappata direttamente al povero volatile) \u00e8 possibile \u201cmassaggiare\u201d il fumo lungo tutto il corpo.\r\nMolto importante \u00e8 passarlo sopra la sommit\u00e0 del capo. Gi\u00e0 dopo cinque minuti si dovrebbe\r\navvertire un maggiore senso di leggerezza che potr\u00e0 attenuare o far scomparire mal di testa,\r\nnausea, nervosismo e dolori in generale.\r\nPurificare la propria casa si deve passare il fumo lungo tutte le pareti della casa, facendo\r\nattenzione a non saltare gli spigoli. E\u2019 ideale quando si acquista una casa oppure se non lo si \u00e8 mai\r\n\r\n&nbsp;","_et_gb_content_width":""},"product_cat":[150],"product_tag":[76,151,72],"yoast_head":"<!-- This site is optimized with the Yoast SEO Premium plugin v22.8 (Yoast SEO v22.8) - https:\/\/yoast.com\/wordpress\/plugins\/seo\/ -->\n<title>grossisti smudge salvia bianca, Palo santo,lampade di sale, incensi<\/title>\n<meta name=\"description\" content=\"grossisti smudge salvia bianca, Palo santo,lampade di sale, incensi, saponi naturali e molto altro ancora visita il sito.\" \/>\n<meta name=\"robots\" content=\"index, follow, max-snippet:-1, max-image-preview:large, max-video-preview:-1\" \/>\n<link rel=\"canonical\" href=\"https:\/\/www.voganto.it\/cat\/prodotto\/salvia-bianca-californiana-smudge-cm-10\/\" \/>\n<meta property=\"og:locale\" content=\"it_IT\" \/>\n<meta property=\"og:type\" content=\"article\" \/>\n<meta property=\"og:title\" content=\"Salvia bianca californiana smudge cm 10\" \/>\n<meta property=\"og:description\" content=\"grossisti smudge salvia bianca, Palo santo,lampade di sale, incensi, saponi naturali e molto altro ancora visita il sito.\" \/>\n<meta property=\"og:url\" content=\"https:\/\/www.voganto.it\/cat\/prodotto\/salvia-bianca-californiana-smudge-cm-10\/\" \/>\n<meta property=\"og:site_name\" content=\"Voganto\" \/>\n<meta property=\"article:publisher\" content=\"https:\/\/www.facebook.com\/voganto\/?locale=it_IT\" \/>\n<meta property=\"article:modified_time\" content=\"2022-03-18T16:13:53+00:00\" \/>\n<meta property=\"og:image\" content=\"https:\/\/www.voganto.it\/cat\/wp-content\/uploads\/2022\/03\/salvia-bianca-2.jpg\" \/>\n\t<meta property=\"og:image:width\" content=\"1067\" \/>\n\t<meta property=\"og:image:height\" content=\"754\" \/>\n\t<meta property=\"og:image:type\" content=\"image\/jpeg\" \/>\n<meta name=\"twitter:card\" content=\"summary_large_image\" \/>\n<script type=\"application\/ld+json\" class=\"yoast-schema-graph\">{\"@context\":\"https:\/\/schema.org\",\"@graph\":[{\"@type\":\"WebPage\",\"@id\":\"https:\/\/www.voganto.it\/cat\/prodotto\/salvia-bianca-californiana-smudge-cm-10\/\",\"url\":\"https:\/\/www.voganto.it\/cat\/prodotto\/salvia-bianca-californiana-smudge-cm-10\/\",\"name\":\"grossisti smudge salvia bianca, Palo santo,lampade di sale, incensi\",\"isPartOf\":{\"@id\":\"https:\/\/www.voganto.it\/cat\/#website\"},\"primaryImageOfPage\":{\"@id\":\"https:\/\/www.voganto.it\/cat\/prodotto\/salvia-bianca-californiana-smudge-cm-10\/#primaryimage\"},\"image\":{\"@id\":\"https:\/\/www.voganto.it\/cat\/prodotto\/salvia-bianca-californiana-smudge-cm-10\/#primaryimage\"},\"thumbnailUrl\":\"https:\/\/www.voganto.it\/cat\/wp-content\/uploads\/2022\/03\/salvia-bianca-2.jpg\",\"datePublished\":\"2022-03-18T15:28:19+00:00\",\"dateModified\":\"2022-03-18T16:13:53+00:00\",\"description\":\"grossisti smudge salvia bianca, Palo santo,lampade di sale, incensi, saponi naturali e molto altro ancora visita il sito.\",\"breadcrumb\":{\"@id\":\"https:\/\/www.voganto.it\/cat\/prodotto\/salvia-bianca-californiana-smudge-cm-10\/#breadcrumb\"},\"inLanguage\":\"it-IT\",\"potentialAction\":[{\"@type\":\"ReadAction\",\"target\":[\"https:\/\/www.voganto.it\/cat\/prodotto\/salvia-bianca-californiana-smudge-cm-10\/\"]}]},{\"@type\":\"ImageObject\",\"inLanguage\":\"it-IT\",\"@id\":\"https:\/\/www.voganto.it\/cat\/prodotto\/salvia-bianca-californiana-smudge-cm-10\/#primaryimage\",\"url\":\"https:\/\/www.voganto.it\/cat\/wp-content\/uploads\/2022\/03\/salvia-bianca-2.jpg\",\"contentUrl\":\"https:\/\/www.voganto.it\/cat\/wp-content\/uploads\/2022\/03\/salvia-bianca-2.jpg\",\"width\":1067,\"height\":754,\"caption\":\"salvia-bianca\"},{\"@type\":\"BreadcrumbList\",\"@id\":\"https:\/\/www.voganto.it\/cat\/prodotto\/salvia-bianca-californiana-smudge-cm-10\/#breadcrumb\",\"itemListElement\":[{\"@type\":\"ListItem\",\"position\":1,\"name\":\"Home\",\"item\":\"https:\/\/www.voganto.it\/cat\/\"},{\"@type\":\"ListItem\",\"position\":2,\"name\":\"Prodotti\",\"item\":\"https:\/\/www.voganto.it\/cat\/\"},{\"@type\":\"ListItem\",\"position\":3,\"name\":\"Salvia bianca californiana smudge cm 10\"}]},{\"@type\":\"WebSite\",\"@id\":\"https:\/\/www.voganto.it\/cat\/#website\",\"url\":\"https:\/\/www.voganto.it\/cat\/\",\"name\":\"Voganto\",\"description\":\"Nature Living Home\",\"publisher\":{\"@id\":\"https:\/\/www.voganto.it\/cat\/#organization\"},\"potentialAction\":[{\"@type\":\"SearchAction\",\"target\":{\"@type\":\"EntryPoint\",\"urlTemplate\":\"https:\/\/www.voganto.it\/cat\/?s={search_term_string}\"},\"query-input\":\"required name=search_term_string\"}],\"inLanguage\":\"it-IT\"},{\"@type\":\"Organization\",\"@id\":\"https:\/\/www.voganto.it\/cat\/#organization\",\"name\":\"Voganto\",\"url\":\"https:\/\/www.voganto.it\/cat\/\",\"logo\":{\"@type\":\"ImageObject\",\"inLanguage\":\"it-IT\",\"@id\":\"https:\/\/www.voganto.it\/cat\/#\/schema\/logo\/image\/\",\"url\":\"https:\/\/www.voganto.it\/cat\/wp-content\/uploads\/2018\/11\/logo-voganto.png\",\"contentUrl\":\"https:\/\/www.voganto.it\/cat\/wp-content\/uploads\/2018\/11\/logo-voganto.png\",\"width\":370,\"height\":95,\"caption\":\"Voganto\"},\"image\":{\"@id\":\"https:\/\/www.voganto.it\/cat\/#\/schema\/logo\/image\/\"},\"sameAs\":[\"https:\/\/www.facebook.com\/voganto\/?locale=it_IT\"]}]}<\/script>\n<!-- \/ Yoast SEO Premium plugin. -->","yoast_head_json":{"title":"grossisti smudge salvia bianca, Palo santo,lampade di sale, incensi","description":"grossisti smudge salvia bianca, Palo santo,lampade di sale, incensi, saponi naturali e molto altro ancora visita il sito.","robots":{"index":"index","follow":"follow","max-snippet":"max-snippet:-1","max-image-preview":"max-image-preview:large","max-video-preview":"max-video-preview:-1"},"canonical":"https:\/\/www.voganto.it\/cat\/prodotto\/salvia-bianca-californiana-smudge-cm-10\/","og_locale":"it_IT","og_type":"article","og_title":"Salvia bianca californiana smudge cm 10","og_description":"grossisti smudge salvia bianca, Palo santo,lampade di sale, incensi, saponi naturali e molto altro ancora visita il sito.","og_url":"https:\/\/www.voganto.it\/cat\/prodotto\/salvia-bianca-californiana-smudge-cm-10\/","og_site_name":"Voganto","article_publisher":"https:\/\/www.facebook.com\/voganto\/?locale=it_IT","article_modified_time":"2022-03-18T16:13:53+00:00","og_image":[{"width":1067,"height":754,"url":"https:\/\/www.voganto.it\/cat\/wp-content\/uploads\/2022\/03\/salvia-bianca-2.jpg","type":"image\/jpeg"}],"twitter_card":"summary_large_image","schema":{"@context":"https:\/\/schema.org","@graph":[{"@type":"WebPage","@id":"https:\/\/www.voganto.it\/cat\/prodotto\/salvia-bianca-californiana-smudge-cm-10\/","url":"https:\/\/www.voganto.it\/cat\/prodotto\/salvia-bianca-californiana-smudge-cm-10\/","name":"grossisti smudge salvia bianca, Palo santo,lampade di sale, incensi","isPartOf":{"@id":"https:\/\/www.voganto.it\/cat\/#website"},"primaryImageOfPage":{"@id":"https:\/\/www.voganto.it\/cat\/prodotto\/salvia-bianca-californiana-smudge-cm-10\/#primaryimage"},"image":{"@id":"https:\/\/www.voganto.it\/cat\/prodotto\/salvia-bianca-californiana-smudge-cm-10\/#primaryimage"},"thumbnailUrl":"https:\/\/www.voganto.it\/cat\/wp-content\/uploads\/2022\/03\/salvia-bianca-2.jpg","datePublished":"2022-03-18T15:28:19+00:00","dateModified":"2022-03-18T16:13:53+00:00","description":"grossisti smudge salvia bianca, Palo santo,lampade di sale, incensi, saponi naturali e molto altro ancora visita il sito.","breadcrumb":{"@id":"https:\/\/www.voganto.it\/cat\/prodotto\/salvia-bianca-californiana-smudge-cm-10\/#breadcrumb"},"inLanguage":"it-IT","potentialAction":[{"@type":"ReadAction","target":["https:\/\/www.voganto.it\/cat\/prodotto\/salvia-bianca-californiana-smudge-cm-10\/"]}]},{"@type":"ImageObject","inLanguage":"it-IT","@id":"https:\/\/www.voganto.it\/cat\/prodotto\/salvia-bianca-californiana-smudge-cm-10\/#primaryimage","url":"https:\/\/www.voganto.it\/cat\/wp-content\/uploads\/2022\/03\/salvia-bianca-2.jpg","contentUrl":"https:\/\/www.voganto.it\/cat\/wp-content\/uploads\/2022\/03\/salvia-bianca-2.jpg","width":1067,"height":754,"caption":"salvia-bianca"},{"@type":"BreadcrumbList","@id":"https:\/\/www.voganto.it\/cat\/prodotto\/salvia-bianca-californiana-smudge-cm-10\/#breadcrumb","itemListElement":[{"@type":"ListItem","position":1,"name":"Home","item":"https:\/\/www.voganto.it\/cat\/"},{"@type":"ListItem","position":2,"name":"Prodotti","item":"https:\/\/www.voganto.it\/cat\/"},{"@type":"ListItem","position":3,"name":"Salvia bianca californiana smudge cm 10"}]},{"@type":"WebSite","@id":"https:\/\/www.voganto.it\/cat\/#website","url":"https:\/\/www.voganto.it\/cat\/","name":"Voganto","description":"Nature Living Home","publisher":{"@id":"https:\/\/www.voganto.it\/cat\/#organization"},"potentialAction":[{"@type":"SearchAction","target":{"@type":"EntryPoint","urlTemplate":"https:\/\/www.voganto.it\/cat\/?s={search_term_string}"},"query-input":"required name=search_term_string"}],"inLanguage":"it-IT"},{"@type":"Organization","@id":"https:\/\/www.voganto.it\/cat\/#organization","name":"Voganto","url":"https:\/\/www.voganto.it\/cat\/","logo":{"@type":"ImageObject","inLanguage":"it-IT","@id":"https:\/\/www.voganto.it\/cat\/#\/schema\/logo\/image\/","url":"https:\/\/www.voganto.it\/cat\/wp-content\/uploads\/2018\/11\/logo-voganto.png","contentUrl":"https:\/\/www.voganto.it\/cat\/wp-content\/uploads\/2018\/11\/logo-voganto.png","width":370,"height":95,"caption":"Voganto"},"image":{"@id":"https:\/\/www.voganto.it\/cat\/#\/schema\/logo\/image\/"},"sameAs":["https:\/\/www.facebook.com\/voganto\/?locale=it_IT"]}]}},"_links":{"self":[{"href":"https:\/\/www.voganto.it\/cat\/wp-json\/wp\/v2\/product\/6617"}],"collection":[{"href":"https:\/\/www.voganto.it\/cat\/wp-json\/wp\/v2\/product"}],"about":[{"href":"https:\/\/www.voganto.it\/cat\/wp-json\/wp\/v2\/types\/product"}],"wp:featuredmedia":[{"embeddable":true,"href":"https:\/\/www.voganto.it\/cat\/wp-json\/wp\/v2\/media\/6618"}],"wp:attachment":[{"href":"https:\/\/www.voganto.it\/cat\/wp-json\/wp\/v2\/media?parent=6617"}],"wp:term":[{"taxonomy":"product_cat","embeddable":true,"href":"https:\/\/www.voganto.it\/cat\/wp-json\/wp\/v2\/product_cat?post=6617"},{"taxonomy":"product_tag","embeddable":true,"href":"https:\/\/www.voganto.it\/cat\/wp-json\/wp\/v2\/product_tag?post=6617"}],"curies":[{"name":"wp","href":"https:\/\/api.w.org\/{rel}","templated":true}]}}