{"id":7791,"date":"2022-04-07T17:31:49","date_gmt":"2022-04-07T15:31:49","guid":{"rendered":"https:\/\/www.voganto.it\/cat\/?post_type=product&#038;p=7791"},"modified":"2022-04-12T17:52:05","modified_gmt":"2022-04-12T15:52:05","slug":"campana-a-vento-leaf","status":"publish","type":"product","link":"https:\/\/www.voganto.it\/cat\/prodotto\/campana-a-vento-leaf\/","title":{"rendered":"Campana a vento leaf bianco decapato cm h73"},"content":{"rendered":"[et_pb_section fb_built=&#8221;1&#8243; _builder_version=&#8221;4.15&#8243; custom_padding=&#8221;0px||||false|false&#8221; global_colors_info=&#8221;{}&#8221;][et_pb_row _builder_version=&#8221;4.15&#8243; background_size=&#8221;initial&#8221; background_position=&#8221;top_left&#8221; background_repeat=&#8221;repeat&#8221; width=&#8221;100%&#8221; custom_padding=&#8221;0px||0px||false|false&#8221; global_colors_info=&#8221;{}&#8221;][et_pb_column type=&#8221;4_4&#8243; _builder_version=&#8221;4.15&#8243; custom_padding=&#8221;|||&#8221; global_colors_info=&#8221;{}&#8221; custom_padding__hover=&#8221;|||&#8221;][et_pb_wc_breadcrumb _builder_version=&#8221;4.15&#8243; global_colors_info=&#8221;{}&#8221;][\/et_pb_wc_breadcrumb][et_pb_wc_cart_notice _builder_version=&#8221;4.15&#8243; global_colors_info=&#8221;{}&#8221;][\/et_pb_wc_cart_notice][\/et_pb_column][\/et_pb_row][et_pb_row column_structure=&#8221;1_2,1_2&#8243; _builder_version=&#8221;4.15&#8243; background_size=&#8221;initial&#8221; background_position=&#8221;top_left&#8221; background_repeat=&#8221;repeat&#8221; width=&#8221;100%&#8221; custom_padding=&#8221;0px||||false|false&#8221; global_colors_info=&#8221;{}&#8221;][et_pb_column type=&#8221;1_2&#8243; _builder_version=&#8221;4.15&#8243; custom_padding=&#8221;|||&#8221; global_colors_info=&#8221;{}&#8221; custom_padding__hover=&#8221;|||&#8221;][et_pb_wc_images _builder_version=&#8221;4.15&#8243; global_colors_info=&#8221;{}&#8221;][\/et_pb_wc_images][\/et_pb_column][et_pb_column type=&#8221;1_2&#8243; _builder_version=&#8221;4.15&#8243; custom_padding=&#8221;|||&#8221; global_colors_info=&#8221;{}&#8221; custom_padding__hover=&#8221;|||&#8221;][et_pb_wc_title _builder_version=&#8221;4.15&#8243; global_colors_info=&#8221;{}&#8221;][\/et_pb_wc_title][et_pb_wc_rating _builder_version=&#8221;4.15&#8243; global_colors_info=&#8221;{}&#8221;][\/et_pb_wc_rating][et_pb_wc_price _builder_version=&#8221;4.15&#8243; global_colors_info=&#8221;{}&#8221;][\/et_pb_wc_price][et_pb_wc_description _builder_version=&#8221;4.15&#8243; global_colors_info=&#8221;{}&#8221;][\/et_pb_wc_description][et_pb_wc_add_to_cart _builder_version=&#8221;4.15&#8243; global_colors_info=&#8221;{}&#8221;][\/et_pb_wc_add_to_cart][et_pb_wc_meta _builder_version=&#8221;4.15&#8243; global_colors_info=&#8221;{}&#8221;][\/et_pb_wc_meta][\/et_pb_column][\/et_pb_row][et_pb_row _builder_version=&#8221;4.15&#8243; background_size=&#8221;initial&#8221; background_position=&#8221;top_left&#8221; background_repeat=&#8221;repeat&#8221; width=&#8221;100%&#8221; global_colors_info=&#8221;{}&#8221;][et_pb_column type=&#8221;4_4&#8243; _builder_version=&#8221;4.15&#8243; custom_padding=&#8221;|||&#8221; global_colors_info=&#8221;{}&#8221; custom_padding__hover=&#8221;|||&#8221;][et_pb_wc_tabs _builder_version=&#8221;4.15&#8243; global_colors_info=&#8221;{}&#8221;] [\/et_pb_wc_tabs][et_pb_wc_upsells _builder_version=&#8221;4.15&#8243; global_colors_info=&#8221;{}&#8221;][\/et_pb_wc_upsells][et_pb_wc_related_products _builder_version=&#8221;4.15&#8243; global_colors_info=&#8221;{}&#8221;][\/et_pb_wc_related_products][\/et_pb_column][\/et_pb_row][\/et_pb_section]\n","protected":false},"excerpt":{"rendered":"<p>CAMPANA A VENTO LEAF<\/p>\n<p>Le campane a vento leaf trovano origine nei furin giapponesi (tipici campanellini) e prima ancora nelle campanelle del vento cinesi, in uso da tempi antichissimi.<br \/>\nNel mondo Occidentale di oggi le ritroviamo con forme e colori differenti, la loro peculiarit\u00e0 \u00e8 quella di produrre suoni armoniosi grazie al passaggio del vento.<\/p>\n","protected":false},"featured_media":7838,"template":"","meta":{"_et_pb_use_builder":"on","_et_pb_old_content":"Non si tratta per\u00f2 di semplici oggetti decorativi, alle campane a vento Leaf vengono attribuiti anche molti effetti benefici: si racconta infatti che abbiano propriet\u00e0 di armonizzazione spirituale e rigenerazione mentale, inoltre fungono da catalizzatori di pace e tranquillit\u00e0. Secondo la tradizione giapponese, grazie al loro tintinnio sono in grado di tenere lontani gli spiriti e le energie negative dal luogo in cui vengono appese, che solitamente \u00e8 alle verande, alle finestre, ma anche ai rami pi\u00f9 bassi degli alberi. In modo di consentire al vento di passarvi attraverso e produrre i tipici suoni dal potere rasserenante creando in questo modo quasi uno \u201cSpazio Sacro\u201d.\r\nIn base alle forme e ai materiali impiegati nella realizzazione, il suono e la frequenza prodotta dalla Campana a Vento pu\u00f2 variare, andando ad agire quindi su uno dei 7 chakra.\r\nSolitamente sono realizzati in metallo o legno e per un buon funzionamento e ritorno energetico \u00e8 importante associare al materiale la corretta posizione.\r\nUna campana di metallo \u00e8 giusto posizionarla a ovest, nord-ovest e nord; una campana di legno o di bamb\u00f9 trova la sua collocazione ideale a est, sud-est e sud.\r\nLa tradizione del FENG SHUI suggerisce molteplici modalit\u00e0 di utilizzo di questi preziosi \u201ctalismani\u201d sia all\u2019esterno che all'interno degli ambienti. Si possono posizionare infatti anche in casa, in soggiorno, in cucina, ma ci sono alcuni piccoli accorgimenti da adottare, per evitare di vanificarne le preziose propriet\u00e0:\r\n- Non vanno appese su una porta, per evitare che vengano colpite dalle persone o dalla porta stessa;\r\n- Non vanno appese quelle di metallo sugli alberi, perch\u00e9 l'elemento metallo si scontra con l'elemento legno. Sugli alberi quindi, posizionate solo le campane di legno o bamb\u00f9.\r\n- Non vanno appese nelle stanze da letto, per evitare che la loro influenza energizzante possa agitare le persone durante il sonno.\r\nPer le propriet\u00e0 che possiede, la campana a vento pu\u00f2 essere un valido alleato per purificare dalle negativit\u00e0 sia se stessi che gli ambienti in cui si vive.\r\n\r\n&nbsp;","_et_gb_content_width":""},"product_cat":[172],"product_tag":[196],"yoast_head":"<!-- This site is optimized with the Yoast SEO Premium plugin v22.8 (Yoast SEO v22.8) - https:\/\/yoast.com\/wordpress\/plugins\/seo\/ -->\n<title>Campana a Vento Leaf<\/title>\n<meta name=\"description\" content=\"Campana a Vento Leaf - Solo Ingrosso - lampade di sale, campane tibetane, incensi, resine, palo santo, salvia bianca, bracciali energetici\" \/>\n<meta name=\"robots\" content=\"index, follow, max-snippet:-1, max-image-preview:large, max-video-preview:-1\" \/>\n<link rel=\"canonical\" href=\"https:\/\/www.voganto.it\/cat\/prodotto\/campana-a-vento-leaf\/\" \/>\n<meta property=\"og:locale\" content=\"it_IT\" \/>\n<meta property=\"og:type\" content=\"article\" \/>\n<meta property=\"og:title\" content=\"Campana a vento leaf bianco decapato cm h73\" \/>\n<meta property=\"og:description\" content=\"Campana a Vento Leaf - Solo Ingrosso - lampade di sale, campane tibetane, incensi, resine, palo santo, salvia bianca, bracciali energetici\" \/>\n<meta property=\"og:url\" content=\"https:\/\/www.voganto.it\/cat\/prodotto\/campana-a-vento-leaf\/\" \/>\n<meta property=\"og:site_name\" content=\"Voganto\" \/>\n<meta property=\"article:publisher\" content=\"https:\/\/www.facebook.com\/voganto\/?locale=it_IT\" \/>\n<meta property=\"article:modified_time\" content=\"2022-04-12T15:52:05+00:00\" \/>\n<meta property=\"og:image\" content=\"https:\/\/www.voganto.it\/cat\/wp-content\/uploads\/2022\/04\/CAMPANA-A-VENTO.jpg\" \/>\n\t<meta property=\"og:image:width\" content=\"970\" \/>\n\t<meta property=\"og:image:height\" content=\"2048\" \/>\n\t<meta property=\"og:image:type\" content=\"image\/jpeg\" \/>\n<meta name=\"twitter:card\" content=\"summary_large_image\" \/>\n<meta name=\"twitter:label1\" content=\"Tempo di lettura stimato\" \/>\n\t<meta name=\"twitter:data1\" content=\"2 minuti\" \/>\n<script type=\"application\/ld+json\" class=\"yoast-schema-graph\">{\"@context\":\"https:\/\/schema.org\",\"@graph\":[{\"@type\":\"WebPage\",\"@id\":\"https:\/\/www.voganto.it\/cat\/prodotto\/campana-a-vento-leaf\/\",\"url\":\"https:\/\/www.voganto.it\/cat\/prodotto\/campana-a-vento-leaf\/\",\"name\":\"Campana a Vento Leaf\",\"isPartOf\":{\"@id\":\"https:\/\/www.voganto.it\/cat\/#website\"},\"primaryImageOfPage\":{\"@id\":\"https:\/\/www.voganto.it\/cat\/prodotto\/campana-a-vento-leaf\/#primaryimage\"},\"image\":{\"@id\":\"https:\/\/www.voganto.it\/cat\/prodotto\/campana-a-vento-leaf\/#primaryimage\"},\"thumbnailUrl\":\"https:\/\/www.voganto.it\/cat\/wp-content\/uploads\/2022\/04\/CAMPANA-A-VENTO.jpg\",\"datePublished\":\"2022-04-07T15:31:49+00:00\",\"dateModified\":\"2022-04-12T15:52:05+00:00\",\"description\":\"Campana a Vento Leaf - Solo Ingrosso - lampade di sale, campane tibetane, incensi, resine, palo santo, salvia bianca, bracciali energetici\",\"breadcrumb\":{\"@id\":\"https:\/\/www.voganto.it\/cat\/prodotto\/campana-a-vento-leaf\/#breadcrumb\"},\"inLanguage\":\"it-IT\",\"potentialAction\":[{\"@type\":\"ReadAction\",\"target\":[\"https:\/\/www.voganto.it\/cat\/prodotto\/campana-a-vento-leaf\/\"]}]},{\"@type\":\"ImageObject\",\"inLanguage\":\"it-IT\",\"@id\":\"https:\/\/www.voganto.it\/cat\/prodotto\/campana-a-vento-leaf\/#primaryimage\",\"url\":\"https:\/\/www.voganto.it\/cat\/wp-content\/uploads\/2022\/04\/CAMPANA-A-VENTO.jpg\",\"contentUrl\":\"https:\/\/www.voganto.it\/cat\/wp-content\/uploads\/2022\/04\/CAMPANA-A-VENTO.jpg\",\"width\":970,\"height\":2048,\"caption\":\"CAMPANA A VENTO\"},{\"@type\":\"BreadcrumbList\",\"@id\":\"https:\/\/www.voganto.it\/cat\/prodotto\/campana-a-vento-leaf\/#breadcrumb\",\"itemListElement\":[{\"@type\":\"ListItem\",\"position\":1,\"name\":\"Home\",\"item\":\"https:\/\/www.voganto.it\/cat\/\"},{\"@type\":\"ListItem\",\"position\":2,\"name\":\"Prodotti\",\"item\":\"https:\/\/www.voganto.it\/cat\/\"},{\"@type\":\"ListItem\",\"position\":3,\"name\":\"Campana a vento leaf bianco decapato cm h73\"}]},{\"@type\":\"WebSite\",\"@id\":\"https:\/\/www.voganto.it\/cat\/#website\",\"url\":\"https:\/\/www.voganto.it\/cat\/\",\"name\":\"Voganto\",\"description\":\"MON STYLE NOW\",\"publisher\":{\"@id\":\"https:\/\/www.voganto.it\/cat\/#organization\"},\"potentialAction\":[{\"@type\":\"SearchAction\",\"target\":{\"@type\":\"EntryPoint\",\"urlTemplate\":\"https:\/\/www.voganto.it\/cat\/?s={search_term_string}\"},\"query-input\":\"required name=search_term_string\"}],\"inLanguage\":\"it-IT\"},{\"@type\":\"Organization\",\"@id\":\"https:\/\/www.voganto.it\/cat\/#organization\",\"name\":\"Voganto\",\"url\":\"https:\/\/www.voganto.it\/cat\/\",\"logo\":{\"@type\":\"ImageObject\",\"inLanguage\":\"it-IT\",\"@id\":\"https:\/\/www.voganto.it\/cat\/#\/schema\/logo\/image\/\",\"url\":\"https:\/\/www.voganto.it\/cat\/wp-content\/uploads\/2018\/11\/logo-voganto.png\",\"contentUrl\":\"https:\/\/www.voganto.it\/cat\/wp-content\/uploads\/2018\/11\/logo-voganto.png\",\"width\":370,\"height\":95,\"caption\":\"Voganto\"},\"image\":{\"@id\":\"https:\/\/www.voganto.it\/cat\/#\/schema\/logo\/image\/\"},\"sameAs\":[\"https:\/\/www.facebook.com\/voganto\/?locale=it_IT\"]}]}<\/script>\n<!-- \/ Yoast SEO Premium plugin. -->","yoast_head_json":{"title":"Campana a Vento Leaf","description":"Campana a Vento Leaf - Solo Ingrosso - lampade di sale, campane tibetane, incensi, resine, palo santo, salvia bianca, bracciali energetici","robots":{"index":"index","follow":"follow","max-snippet":"max-snippet:-1","max-image-preview":"max-image-preview:large","max-video-preview":"max-video-preview:-1"},"canonical":"https:\/\/www.voganto.it\/cat\/prodotto\/campana-a-vento-leaf\/","og_locale":"it_IT","og_type":"article","og_title":"Campana a vento leaf bianco decapato cm h73","og_description":"Campana a Vento Leaf - Solo Ingrosso - lampade di sale, campane tibetane, incensi, resine, palo santo, salvia bianca, bracciali energetici","og_url":"https:\/\/www.voganto.it\/cat\/prodotto\/campana-a-vento-leaf\/","og_site_name":"Voganto","article_publisher":"https:\/\/www.facebook.com\/voganto\/?locale=it_IT","article_modified_time":"2022-04-12T15:52:05+00:00","og_image":[{"width":970,"height":2048,"url":"https:\/\/www.voganto.it\/cat\/wp-content\/uploads\/2022\/04\/CAMPANA-A-VENTO.jpg","type":"image\/jpeg"}],"twitter_card":"summary_large_image","twitter_misc":{"Tempo di lettura stimato":"2 minuti"},"schema":{"@context":"https:\/\/schema.org","@graph":[{"@type":"WebPage","@id":"https:\/\/www.voganto.it\/cat\/prodotto\/campana-a-vento-leaf\/","url":"https:\/\/www.voganto.it\/cat\/prodotto\/campana-a-vento-leaf\/","name":"Campana a Vento Leaf","isPartOf":{"@id":"https:\/\/www.voganto.it\/cat\/#website"},"primaryImageOfPage":{"@id":"https:\/\/www.voganto.it\/cat\/prodotto\/campana-a-vento-leaf\/#primaryimage"},"image":{"@id":"https:\/\/www.voganto.it\/cat\/prodotto\/campana-a-vento-leaf\/#primaryimage"},"thumbnailUrl":"https:\/\/www.voganto.it\/cat\/wp-content\/uploads\/2022\/04\/CAMPANA-A-VENTO.jpg","datePublished":"2022-04-07T15:31:49+00:00","dateModified":"2022-04-12T15:52:05+00:00","description":"Campana a Vento Leaf - Solo Ingrosso - lampade di sale, campane tibetane, incensi, resine, palo santo, salvia bianca, bracciali energetici","breadcrumb":{"@id":"https:\/\/www.voganto.it\/cat\/prodotto\/campana-a-vento-leaf\/#breadcrumb"},"inLanguage":"it-IT","potentialAction":[{"@type":"ReadAction","target":["https:\/\/www.voganto.it\/cat\/prodotto\/campana-a-vento-leaf\/"]}]},{"@type":"ImageObject","inLanguage":"it-IT","@id":"https:\/\/www.voganto.it\/cat\/prodotto\/campana-a-vento-leaf\/#primaryimage","url":"https:\/\/www.voganto.it\/cat\/wp-content\/uploads\/2022\/04\/CAMPANA-A-VENTO.jpg","contentUrl":"https:\/\/www.voganto.it\/cat\/wp-content\/uploads\/2022\/04\/CAMPANA-A-VENTO.jpg","width":970,"height":2048,"caption":"CAMPANA A VENTO"},{"@type":"BreadcrumbList","@id":"https:\/\/www.voganto.it\/cat\/prodotto\/campana-a-vento-leaf\/#breadcrumb","itemListElement":[{"@type":"ListItem","position":1,"name":"Home","item":"https:\/\/www.voganto.it\/cat\/"},{"@type":"ListItem","position":2,"name":"Prodotti","item":"https:\/\/www.voganto.it\/cat\/"},{"@type":"ListItem","position":3,"name":"Campana a vento leaf bianco decapato cm h73"}]},{"@type":"WebSite","@id":"https:\/\/www.voganto.it\/cat\/#website","url":"https:\/\/www.voganto.it\/cat\/","name":"Voganto","description":"MON STYLE NOW","publisher":{"@id":"https:\/\/www.voganto.it\/cat\/#organization"},"potentialAction":[{"@type":"SearchAction","target":{"@type":"EntryPoint","urlTemplate":"https:\/\/www.voganto.it\/cat\/?s={search_term_string}"},"query-input":"required name=search_term_string"}],"inLanguage":"it-IT"},{"@type":"Organization","@id":"https:\/\/www.voganto.it\/cat\/#organization","name":"Voganto","url":"https:\/\/www.voganto.it\/cat\/","logo":{"@type":"ImageObject","inLanguage":"it-IT","@id":"https:\/\/www.voganto.it\/cat\/#\/schema\/logo\/image\/","url":"https:\/\/www.voganto.it\/cat\/wp-content\/uploads\/2018\/11\/logo-voganto.png","contentUrl":"https:\/\/www.voganto.it\/cat\/wp-content\/uploads\/2018\/11\/logo-voganto.png","width":370,"height":95,"caption":"Voganto"},"image":{"@id":"https:\/\/www.voganto.it\/cat\/#\/schema\/logo\/image\/"},"sameAs":["https:\/\/www.facebook.com\/voganto\/?locale=it_IT"]}]}},"_links":{"self":[{"href":"https:\/\/www.voganto.it\/cat\/wp-json\/wp\/v2\/product\/7791"}],"collection":[{"href":"https:\/\/www.voganto.it\/cat\/wp-json\/wp\/v2\/product"}],"about":[{"href":"https:\/\/www.voganto.it\/cat\/wp-json\/wp\/v2\/types\/product"}],"wp:featuredmedia":[{"embeddable":true,"href":"https:\/\/www.voganto.it\/cat\/wp-json\/wp\/v2\/media\/7838"}],"wp:attachment":[{"href":"https:\/\/www.voganto.it\/cat\/wp-json\/wp\/v2\/media?parent=7791"}],"wp:term":[{"taxonomy":"product_cat","embeddable":true,"href":"https:\/\/www.voganto.it\/cat\/wp-json\/wp\/v2\/product_cat?post=7791"},{"taxonomy":"product_tag","embeddable":true,"href":"https:\/\/www.voganto.it\/cat\/wp-json\/wp\/v2\/product_tag?post=7791"}],"curies":[{"name":"wp","href":"https:\/\/api.w.org\/{rel}","templated":true}]}}